{"id":1825,"date":"2016-07-17T14:24:52","date_gmt":"2016-07-17T14:24:52","guid":{"rendered":"https:\/\/catolicahotel.com\/buchen\/"},"modified":"2025-10-20T11:29:54","modified_gmt":"2025-10-20T11:29:54","slug":"buchen","status":"publish","type":"page","link":"https:\/\/catolicahotel.com\/de\/buchen\/","title":{"rendered":"Buchen"},"content":{"rendered":"<p>[vc_row][vc_column width=\"1\/2&#8243;][vc_column_text]<\/p>\n<p data-start=\"98\" data-end=\"427\">Wenn Sie Ihr Zimmer buchen m\u00f6chten oder Fragen haben, stehen wir Ihnen gerne zur Verf\u00fcgung.<\/p>\n<p data-start=\"98\" data-end=\"427\"><strong>Sie k\u00f6nnen uns kontaktieren unter:<\/strong><\/p>\n<p data-start=\"98\" data-end=\"427\"><strong>Telefon<\/strong> (+351) 249 539 750 (nationales Festnetz)<\/p>\n<p><strong>E-Mail<\/strong> <a class=\"decorated-link cursor-pointer\" rel=\"noopener\" data-start=\"304\" data-end=\"330\">bemvindo@catolicahotel.com<\/a>[\/vc_column_text][\/vc_column][vc_column width=\"1\/2&#8243;][vc_single_image image=\"1256&#8243; img_size=\"full\"][\/vc_column][\/vc_row][vc_row][vc_column][vc_empty_space height=\"100&#8243;][\/vc_column][\/vc_row]<\/p>\n","protected":false},"excerpt":{"rendered":"<p>[vc_row][vc_column width=\"1\/2&#8243;][vc_column_text] Wenn Sie Ihr Zimmer buchen m\u00f6chten oder Fragen haben, stehen wir Ihnen gerne zur Verf\u00fcgung. Sie k\u00f6nnen uns kontaktieren unter: Telefon (+351) 249 539 750&#8230;<\/p>\n","protected":false},"author":1,"featured_media":0,"parent":0,"menu_order":0,"comment_status":"closed","ping_status":"closed","template":"","meta":{"footnotes":""},"class_list":["post-1825","page","type-page","status-publish","hentry"],"_links":{"self":[{"href":"https:\/\/catolicahotel.com\/de\/wp-json\/wp\/v2\/pages\/1825","targetHints":{"allow":["GET"]}}],"collection":[{"href":"https:\/\/catolicahotel.com\/de\/wp-json\/wp\/v2\/pages"}],"about":[{"href":"https:\/\/catolicahotel.com\/de\/wp-json\/wp\/v2\/types\/page"}],"author":[{"embeddable":true,"href":"https:\/\/catolicahotel.com\/de\/wp-json\/wp\/v2\/users\/1"}],"replies":[{"embeddable":true,"href":"https:\/\/catolicahotel.com\/de\/wp-json\/wp\/v2\/comments?post=1825"}],"version-history":[{"count":1,"href":"https:\/\/catolicahotel.com\/de\/wp-json\/wp\/v2\/pages\/1825\/revisions"}],"predecessor-version":[{"id":1826,"href":"https:\/\/catolicahotel.com\/de\/wp-json\/wp\/v2\/pages\/1825\/revisions\/1826"}],"wp:attachment":[{"href":"https:\/\/catolicahotel.com\/de\/wp-json\/wp\/v2\/media?parent=1825"}],"curies":[{"name":"wp","href":"https:\/\/api.w.org\/{rel}","templated":true}]}}