{"id":1843,"date":"2018-06-06T09:38:53","date_gmt":"2018-06-06T09:38:53","guid":{"rendered":"https:\/\/catolicahotel.com\/datenschutzbestimmungen\/"},"modified":"2025-10-20T11:29:53","modified_gmt":"2025-10-20T11:29:53","slug":"datenschutzbestimmungen","status":"publish","type":"page","link":"https:\/\/catolicahotel.com\/de\/datenschutzbestimmungen\/","title":{"rendered":"Datenschutzbestimmungen"},"content":{"rendered":"<p>[vc_row][vc_column][vc_column_text]<strong>F\u00fcr welche Zwecke k\u00f6nnen wir Ihre pers\u00f6nlichen Daten verwenden?<\/strong><br \/>\n<strong>Kundenservice<\/strong>: Wir verwenden Ihre pers\u00f6nlichen Daten f\u00fcr den Kundenservice, einschlie\u00dflich der Beantwortung Ihrer Fragen. Dieser Prozess beinhaltet in der Regel die Verwendung bestimmter pers\u00f6nlicher Kontaktinformationen und Informationen zum Grund Ihrer Anfrage (z.B. technische Anfrage, Produkt-\/Dienstleistungsanfrage\/Beschwerde, allgemeine Anfrage usw.).<br \/>\n<strong>Wettbewerbe, Marketing und andere Werbeaktionen<\/strong>: Mit Ihrem Einverst\u00e4ndnis verwenden wir Ihre pers\u00f6nlichen Daten, um Ihnen Informationen \u00fcber Produkte oder Dienstleistungen zukommen zu lassen (z.B. Marketingmitteilungen, Kampagnen oder Werbeaktionen). Dies kann durch Mittel wie E-Mail, Anzeigen, Telefonkontakte und Post erfolgen. Einige unserer Kampagnen und Werbeaktionen k\u00f6nnen auf Websites Dritter und\/oder in sozialen Netzwerken stattfinden.<br \/>\n<strong>Soziale Netzwerke<\/strong>: Wir verwenden Ihre personenbezogenen Daten, wenn Sie mit Funktionen sozialer Netzwerke von Drittanbietern interagieren, z. B. mit den \"Gef\u00e4llt mir\"-Funktionen, um Ihnen Werbung zu zeigen und mit Ihnen in sozialen Netzwerken zu kommunizieren. Sie k\u00f6nnen mehr dar\u00fcber erfahren, wie diese Funktionen funktionieren, indem Sie die jeweiligen Einstellungen des sozialen Netzwerks des Drittanbieters konsultieren.<br \/>\n<strong>Personalisierung (offline und online)<\/strong>: Wir verwenden Ihre pers\u00f6nlichen Daten mit Ihrer Zustimmung:<\/p>\n<ol>\n<li>i) zur Analyse Ihrer Vorlieben und Gewohnheiten;<br \/>\nii) zur Vorhersage Ihrer Bed\u00fcrfnisse auf der Grundlage der Analyse Ihres Profils;<br \/>\niii) zur Verbesserung und Personalisierung Ihrer Erfahrung auf unseren Websites und Apps;<br \/>\niv) um sicherzustellen, dass der Inhalt unserer Website f\u00fcr Sie und Ihren Computer oder Ihr Ger\u00e4t optimiert ist;<br \/>\nv) um Ihnen die Teilnahme an interaktiven Funktionen zu erm\u00f6glichen.<\/li>\n<\/ol>\n<p><strong>Andere allgemeine Zwecke<\/strong>: Wir verwenden Ihre pers\u00f6nlichen Daten f\u00fcr andere allgemeine Gesch\u00e4ftszwecke, wie z.B. die Durchf\u00fchrung interner Marketing- und demografischer Studien sowie die Bewertung der Wirksamkeit von Werbekampagnen.<br \/>\n<strong>Rechtliche Gr\u00fcnde oder Fusion\/Akquisition<\/strong>: F\u00fcr den Fall, dass das Cat\u00f3lica Hotel oder seine Verm\u00f6genswerte von einem anderen Unternehmen erworben oder mit diesem <strong>fusioniert<\/strong> werden, einschlie\u00dflich aus Gr\u00fcnden der Insolvenz, k\u00f6nnen wir Ihre personenbezogenen Daten an einen unserer Rechtsnachfolger weitergeben.<\/p>\n<p>&nbsp;<\/p>\n<p><strong>Rechtliche Hinweise zum Datenschutz<\/strong><br \/>\nWir im CAT\u00d3LICA HOTEL sind uns bewusst, dass der Umgang mit Ihren pers\u00f6nlichen Daten einen bewussten und vertrauensvollen Umgang erfordert.<br \/>\nWir respektieren Ihre Privatsph\u00e4re und verarbeiten Ihre Daten unter strikter Einhaltung der geltenden Gesetze.<br \/>\nAuf dieser Seite finden Sie Informationen \u00fcber unsere Richtlinien bez\u00fcglich der Erfassung, Verwendung und Weitergabe von pers\u00f6nlichen Daten, wenn Sie unseren Service nutzen.<br \/>\nIn der Allgemeinen Datenschutzverordnung &#8211; Verordnung 2016\/679 vom 27. April &#8211; werden personenbezogene Daten als \"Informationen \u00fcber eine bestimmte oder bestimmbare nat\u00fcrliche Person (\"betroffene Person\")\" bezeichnet. Als identifizierbar wird eine nat\u00fcrliche Person angesehen, die direkt oder indirekt identifiziert werden kann, insbesondere durch Zuordnung zu einer Kennung wie einem Namen, zu einer Kennnummer, zu Standortdaten, zu einer Online-Kennung oder zu einem oder mehreren besonderen Merkmalen, die Ausdruck der physischen, physiologischen, genetischen, psychischen, wirtschaftlichen, kulturellen oder sozialen Identit\u00e4t dieser nat\u00fcrlichen Person sind.\"<\/p>\n<p>&nbsp;<\/p>\n<p><strong>Wie bewahren wir Ihre pers\u00f6nlichen Daten sicher auf?<br \/>\n<\/strong>Wir verpflichten uns, den Schutz der Sicherheit der uns zur Verf\u00fcgung gestellten personenbezogenen Daten zu gew\u00e4hrleisten und haben strenge technische und organisatorische Ma\u00dfnahmen in diesem Bereich beschlossen und umgesetzt. Die Einhaltung dieser Regeln ist eine Verpflichtung f\u00fcr alle, die auf sie zugreifen. <\/p>\n<ol>\n<li>i) Beschr\u00e4nkter Zugang zu Ihren pers\u00f6nlichen Daten;<br \/>\nii) \u00dcbertragung von Daten in verschl\u00fcsselter Form;<br \/>\niii) Speicherung von pers\u00f6nlichen Daten in verschl\u00fcsselter Form;<br \/>\niv) Schutz der informationstechnischen Systeme durch Firewalls;<br \/>\nv) Permanente \u00dcberwachung des Zugangs zu den informationstechnischen Systemen, um den Missbrauch Ihrer Daten zu verhindern, aufzudecken und zu erschweren.<\/li>\n<\/ol>\n<p>&nbsp;<\/p>\n<p><strong>Wie k\u00f6nnen Sie auf Ihre pers\u00f6nlichen Daten zugreifen, sie \u00e4ndern, berichtigen oder Ihre Zustimmung widerrufen?<\/strong><br \/>\nIm CAT\u00d3LICA HOTEL garantieren wir Ihnen, dass Sie als betroffene Person Zugang zu Ihren pers\u00f6nlichen Daten haben. Wenn Sie auf Ihre pers\u00f6nlichen Daten zugreifen m\u00f6chten, wenden Sie sich bitte an bemvindo@catolicahotel.com.<br \/>\nDie betroffene Person hat das Recht, jederzeit die Berichtigung ihrer pers\u00f6nlichen Daten beim Datenschutzbeauftragten bemvindo@catolicahotel.com zu beantragen.<br \/>\nDie betroffene Person hat das Recht, jederzeit die erteilte Zustimmung zu widerrufen oder die L\u00f6schung ihrer pers\u00f6nlichen Daten beim Datenschutzbeauftragten bemvindo@catolicahotel.com zu beantragen. <\/p>\n<p>Wir informieren Sie dar\u00fcber, dass Sie das Recht haben, eine Beschwerde bei der Aufsichtsbeh\u00f6rde &#8211; Comiss\u00e3o Nacional de Prote\u00e7\u00e3o de Dados, Rua de S\u00e3o Bento, n\u00ba 148, 3\u00ba, 1200-812 Lisboa, Tel. +351213928400, Fax. +351213976832; E-Mail: geral@cnpd.pt &#8211; einzureichen.  <\/p>\n<p>&nbsp;<\/p>\n<p><strong>Datenschutz f\u00fcr Kinder<\/strong><br \/>\nUnser Service ist nicht f\u00fcr Kinder unter 16 Jahren (\"Kinder\") bestimmt. Die Daten von Kindern werden nur mit Genehmigung des Inhabers der elterlichen Verantwortung erfasst, so dass wir nicht wissentlich pers\u00f6nlich identifizierbare Daten von Kindern sammeln. Wenn Sie der Inhaber der elterlichen Verantwortung oder der Vormund sind und Ihnen bekannt wird, dass Ihr Kind oder Ihr Vormund uns personenbezogene Daten zur Verf\u00fcgung gestellt hat, wenden Sie sich bitte an den Datenschutzbeauftragten bemvindo@catolicahotel.com.<br \/>\nWenn uns bekannt wird, dass wir personenbezogene Daten von Kindern unter 16 Jahren ohne deren Zustimmung erfasst haben, werden wir unverz\u00fcglich Schritte unternehmen, um diese Daten von unseren Servern zu entfernen.  <\/p>\n<p>&nbsp;<\/p>\n<p><strong>Wie lange bewahren wir Ihre personenbezogenen Daten auf?<\/strong><br \/>\nWenn keine gesetzliche Verpflichtung zur Aufbewahrung personenbezogener Daten besteht, werden Ihre personenbezogenen Daten so lange aufbewahrt, wie es f\u00fcr den Zweck, f\u00fcr den sie erhoben wurden, erforderlich ist. Danach werden sie anonymisiert oder vernichtet.<br \/>\nIm Rahmen der in dieser Datenschutzrichtlinie beschriebenen Zwecke werden Ihre personenbezogenen Daten f\u00fcr einen Zeitraum von maximal 12 Monaten ab der letzten Kontaktaufnahme aufbewahrt.<\/p>\n<p>&nbsp;<\/p>\n<p><strong>\u00c4nderungen an dieser Datenschutzrichtlinie<br \/>\n<\/strong>Wir k\u00f6nnen unsere Datenschutzrichtlinie von Zeit zu Zeit aktualisieren. Wir werden Sie \u00fcber alle \u00c4nderungen informieren, indem wir die neue Datenschutzrichtlinie auf dieser Seite ver\u00f6ffentlichen. <\/p>\n<p>&nbsp;<\/p>\n<p><strong>Kontaktieren Sie uns<\/strong><br \/>\nWenn Sie Fragen zur Verwendung Ihrer pers\u00f6nlichen Daten haben, k\u00f6nnen Sie unseren Datenschutzbeauftragten unter der folgenden E-Mail-Adresse kontaktieren: <strong>bemvindo@catolicahotel.com<\/strong><\/p>\n<p>&nbsp;<\/p>\n<p>4. September 2025<\/p>\n<p><strong>COOKIES<\/strong><\/p>\n<p>CAT\u00d3LICA HOTEL verwendet eigene Cookies und Cookies von Drittanbietern, um Ihr Online-Erlebnis durch die Analyse von Daten beim Surfen auf der Website zu verbessern.<\/p>\n<p>&nbsp;<\/p>\n<p><strong>Definition und Funktion von Cookies<\/strong><br \/>\nWas sind Cookies? Ein Cookie ist eine Datei, die von Ihrem Computer, Mobiltelefon oder einem anderen Ger\u00e4t (im Folgenden als Ger\u00e4t bezeichnet) heruntergeladen wird, wenn Sie auf unsere Website zugreifen. Das Cookie erm\u00f6glicht es uns, Informationen \u00fcber Ihre Surfgewohnheiten zu speichern und abzurufen, n\u00e4mlich die Anzahl der von Ihnen besuchten Seiten, die verwendete Sprache, die Identifizierung des Ortes, von dem aus Sie zugreifen, die H\u00e4ufigkeit und Anzahl der Besuche, die Dauer des Besuchs, den Browser oder das Ger\u00e4t, mit dem Sie die Website besuchen.  <\/p>\n<p>&nbsp;<\/p>\n<p><strong>Erneuern und L\u00f6schen von Cookies<\/strong><br \/>\nAlle Browser erm\u00f6glichen es dem Benutzer, Cookies zu akzeptieren, abzulehnen oder zu l\u00f6schen, indem er die erweiterten Einstellungen des Browsers ausw\u00e4hlt. Cookies k\u00f6nnen im Men\u00fc \"Optionen\" oder \"Einstellungen\" konfiguriert werden. Bitte beachten Sie jedoch, dass die Deaktivierung von Cookies dazu f\u00fchren kann, dass einige Webdienste nicht ordnungsgem\u00e4\u00df funktionieren und Ihr Surfen auf der Website ganz oder teilweise beeintr\u00e4chtigt wird.<br \/>\nSie k\u00f6nnen Ihren Browser so konfigurieren, dass keine Cookies auf Ihrer Festplatte gespeichert werden oder dass bereits gespeicherte Cookies gel\u00f6scht werden.<br \/>\nWeitere Informationen zur Konfiguration Ihres Internetbrowsers finden Sie in den Anweisungen zum Blockieren und L\u00f6schen von Cookies in der Hilfefunktion Ihres Browsers oder wenden Sie sich direkt an den Hersteller der jeweiligen Software.  <\/p>\n<p>&nbsp;<\/p>\n<p><strong>Cookies von Dritten<\/strong><\/p>\n<table>\n<tbody>\n<tr>\n<td width=\"14%\"><strong>Lieferanten<\/strong><\/td>\n<td width=\"32%\"><strong>Kekse<\/strong><\/td>\n<td width=\"14%\"><strong>Verfallsdatum<\/strong><\/td>\n<td width=\"40%\"><strong>Zweck der Cookies<\/strong><\/td>\n<\/tr>\n<tr>\n<td>Google<\/td>\n<td>_ga<br \/>\n_gid<br \/>\n_gat_gtag_UA_108994400_1<\/td>\n<td>2 Jahre<br \/>\n24 Stunden<br \/>\n1 min<\/td>\n<td>Die mit Google verbundenen Cookies werden verwendet, um Besuche und Sitzungszeiten auf der Website des Cat\u00f3lica Hotels zu statistischen und Werbezwecken zu verfolgen.<\/p>\n<\/td>\n<\/tr>\n<tr>\n<td>Hotjar<\/td>\n<td>_hjIncludedInSample<\/td>\n<td>Sitzung<\/td>\n<td>Die mit dem Hotjar-Dienst verbundenen Cookies werden verwendet, um die Nutzung, die Dauer der einzelnen Sitzungen und die Besuche auf der Website des Cat\u00f3lica Hotels zu analysieren.<\/p>\n<\/td>\n<\/tr>\n<tr>\n<td>Zotabox<\/td>\n<td>_ZB_STATIC_DR_widgetsUpdateTime,<br \/>\n_ZB_STATIC_DR_firstTimeVisit,<br \/>\n_ZB_STATIC_DR_currentSessionTimeVisit,<br \/>\n_ZB_STATS_IMPRESSION_FREEMIUM_,<br \/>\n_ZB_STATS_IMPRESSION.d87c5be6,<br \/>\n_ZB_STATS_VISIT,<br \/>\n_ZB_ADMIN_LAST_URL_<\/td>\n<td>1 Jahr<\/p>\n<p>session<\/td>\n<td>Die mit dem Zotabox-Dienst verbundenen Cookies werden f\u00fcr das korrekte Funktionieren des Messenger-Chats verwendet, der in der unteren rechten Ecke der Website des Cat\u00f3lica Hotels zur Verf\u00fcgung steht.<\/p>\n<\/td>\n<\/tr>\n<\/tbody>\n<\/table>\n<p>&nbsp;<\/p>\n<p><strong><br \/>\nAktualisierung der Cookie-Richtlinie<\/strong><br \/>\nDie Cookie-Richtlinie kann jederzeit gem\u00e4\u00df der neuen GDPR ge\u00e4ndert werden, und wir empfehlen Ihnen, ihren Inhalt regelm\u00e4\u00dfig zu \u00fcberpr\u00fcfen.<\/p>\n<p>&nbsp;<\/p>\n<p><strong>Links zu anderen Websites<\/strong><br \/>\nUnsere Online-Dienste enthalten Links zu anderen Websites. Die hier aufgef\u00fchrten Datenschutzhinweise gelten nur f\u00fcr unsere Website. Bitte pr\u00fcfen Sie die Datenschutzrichtlinien der verlinkten Websites. Wir \u00fcbernehmen keine Haftung f\u00fcr Inhalte Dritter, die \u00fcber die Hyperlinks zug\u00e4nglich gemacht und speziell gekennzeichnet werden. F\u00fcr illegale, fehlerhafte oder unvollst\u00e4ndige Inhalte sowie f\u00fcr Sch\u00e4den, die durch die Nutzung oder Nichtnutzung der Informationen entstehen, haftet allein der Anbieter der verlinkten Website. F\u00fcr fremde Inhalte ist CAT\u00d3LICA HOTEL nur dann verantwortlich, wenn es von ihnen (d.h. auch von einem eventuellen rechtswidrigen bzw. strafbaren Inhalt) positive Kenntnis hat und es technisch m\u00f6glich und zumutbar ist, deren Nutzung zu verhindern.<br \/>\n<strong>Indem Sie unsere Plattform nutzen, erkl\u00e4ren Sie sich stillschweigend mit unserer Datenschutzrichtlinie einverstanden.<\/strong>[\/vc_column_text][\/vc_column][\/vc_row][vc_row][vc_column][vc_empty_space height=\"130&#8243;][\/vc_column][\/vc_row]<\/p>\n","protected":false},"excerpt":{"rendered":"<p>[vc_row][vc_column][vc_column_text]F\u00fcr welche Zwecke k\u00f6nnen wir Ihre pers\u00f6nlichen Daten verwenden? Kundenservice: Wir verwenden Ihre pers\u00f6nlichen Daten f\u00fcr den Kundenservice, einschlie\u00dflich der Beantwortung Ihrer Fragen. Dieser Prozess beinhaltet in&#8230;<\/p>\n","protected":false},"author":1,"featured_media":0,"parent":0,"menu_order":0,"comment_status":"closed","ping_status":"closed","template":"","meta":{"footnotes":""},"class_list":["post-1843","page","type-page","status-publish","hentry"],"_links":{"self":[{"href":"https:\/\/catolicahotel.com\/de\/wp-json\/wp\/v2\/pages\/1843","targetHints":{"allow":["GET"]}}],"collection":[{"href":"https:\/\/catolicahotel.com\/de\/wp-json\/wp\/v2\/pages"}],"about":[{"href":"https:\/\/catolicahotel.com\/de\/wp-json\/wp\/v2\/types\/page"}],"author":[{"embeddable":true,"href":"https:\/\/catolicahotel.com\/de\/wp-json\/wp\/v2\/users\/1"}],"replies":[{"embeddable":true,"href":"https:\/\/catolicahotel.com\/de\/wp-json\/wp\/v2\/comments?post=1843"}],"version-history":[{"count":1,"href":"https:\/\/catolicahotel.com\/de\/wp-json\/wp\/v2\/pages\/1843\/revisions"}],"predecessor-version":[{"id":1846,"href":"https:\/\/catolicahotel.com\/de\/wp-json\/wp\/v2\/pages\/1843\/revisions\/1846"}],"wp:attachment":[{"href":"https:\/\/catolicahotel.com\/de\/wp-json\/wp\/v2\/media?parent=1843"}],"curies":[{"name":"wp","href":"https:\/\/api.w.org\/{rel}","templated":true}]}}