{"id":1857,"date":"2017-01-02T22:39:28","date_gmt":"2017-01-02T22:39:28","guid":{"rendered":"https:\/\/catolicahotel.com\/hotel-buchen\/"},"modified":"2025-10-20T11:27:58","modified_gmt":"2025-10-20T11:27:58","slug":"hotel-buchen","status":"publish","type":"page","link":"https:\/\/catolicahotel.com\/de\/hotel-buchen\/","title":{"rendered":"Hotel buchen"},"content":{"rendered":"<p>[vc_row][vc_column][vc_column_text css=\".vc_custom_1483398737377{padding: 40px !important;background-color: #d77b5d !important;}\"]<\/p>\n<h3><span style=\"color: #ffffff;\">Sie k\u00f6nnen alle Details hier \u00fcberpr\u00fcfen: <strong><a style=\"color: #ffffff;\" href=\"https:\/\/codecanyon.net\/item\/hbook-hotel-booking-system-wordpress-plugin\/10622779\" target=\"_blank\" rel=\"noopener\">Hotel Booking Plugin<\/a><\/strong><\/span><\/h3>\n<p>[\/vc_column_text][\/vc_column][\/vc_row][vc_row][vc_column][vc_column_text][hb_booking_form][\/vc_column_text][\/vc_column][\/vc_row]<\/p>\n","protected":false},"excerpt":{"rendered":"<p>[vc_row][vc_column][vc_column_text css=\".vc_custom_1483398737377{padding: 40px !important;background-color: #d77b5d !important;}\"] Sie k\u00f6nnen alle Details hier \u00fcberpr\u00fcfen: Hotel Booking Plugin [\/vc_column_text][\/vc_column][\/vc_row][vc_row][vc_column][vc_column_text][hb_booking_form][\/vc_column_text][\/vc_column][\/vc_row]<\/p>\n","protected":false},"author":1,"featured_media":0,"parent":0,"menu_order":0,"comment_status":"closed","ping_status":"closed","template":"","meta":{"footnotes":""},"class_list":["post-1857","page","type-page","status-publish","hentry"],"_links":{"self":[{"href":"https:\/\/catolicahotel.com\/de\/wp-json\/wp\/v2\/pages\/1857","targetHints":{"allow":["GET"]}}],"collection":[{"href":"https:\/\/catolicahotel.com\/de\/wp-json\/wp\/v2\/pages"}],"about":[{"href":"https:\/\/catolicahotel.com\/de\/wp-json\/wp\/v2\/types\/page"}],"author":[{"embeddable":true,"href":"https:\/\/catolicahotel.com\/de\/wp-json\/wp\/v2\/users\/1"}],"replies":[{"embeddable":true,"href":"https:\/\/catolicahotel.com\/de\/wp-json\/wp\/v2\/comments?post=1857"}],"version-history":[{"count":1,"href":"https:\/\/catolicahotel.com\/de\/wp-json\/wp\/v2\/pages\/1857\/revisions"}],"predecessor-version":[{"id":1859,"href":"https:\/\/catolicahotel.com\/de\/wp-json\/wp\/v2\/pages\/1857\/revisions\/1859"}],"wp:attachment":[{"href":"https:\/\/catolicahotel.com\/de\/wp-json\/wp\/v2\/media?parent=1857"}],"curies":[{"name":"wp","href":"https:\/\/api.w.org\/{rel}","templated":true}]}}