{"id":1865,"date":"2016-07-21T13:58:52","date_gmt":"2016-07-21T13:58:52","guid":{"rendered":"https:\/\/catolicahotel.com\/schlafzimmer\/"},"modified":"2025-10-29T12:18:49","modified_gmt":"2025-10-29T12:18:49","slug":"schlafzimmer","status":"publish","type":"page","link":"https:\/\/catolicahotel.com\/de\/schlafzimmer\/","title":{"rendered":"Zimmer"},"content":{"rendered":"<p>[vc_row css=\".vc_custom_1545836578610{margin-top: -20px !important;}\"][vc_column]<!-- Section Rooms --><div class=\"section \" id=\"rooms\"><div class=\"wrapper-inner\"> <!-- Rooms List --><div class=\"widget-rooms-list\"><div class=\"rooms-item\"><div class=\"item-photo\"><a href=\"https:\/\/catolicahotel.com\/de\/rooms\/superior-einzel-doppelzimmer\/\" data-background=\"https:\/\/catolicahotel.com\/wp-content\/uploads\/2025\/09\/402-73-600x600.jpg\"><\/a><\/div><div class=\"item-desc\"><h2><a href=\"https:\/\/catolicahotel.com\/de\/rooms\/superior-einzel-doppelzimmer\/\"><b>Superior Einzel-\/Doppelzimmer<b><\/b><\/a><\/h2><p><b>Eigenes Bad - Zimmerfl\u00e4che 10 m\u00b2<br>Dieses Zimmer verf\u00fcgt \u00fcber ein Doppelbett und kostenloses Wi-Fi.<b><\/b><\/p><div class=\"desc-features\"><ul><li><i class=\"fa fa-check\"><\/i> Telefon<\/li><li><i class=\"fa fa-check\"><\/i> Kostenlose Toilettenartikel<\/li><li><i class=\"fa fa-check\"><\/i> Badezimmer<\/li><li><i class=\"fa fa-check\"><\/i> Heizung<\/li><li><i class=\"fa fa-check\"><\/i> Satellitenkan\u00e4le<\/li><li><i class=\"fa fa-check\"><\/i> Bad oder Dusche<\/li><li><i class=\"fa fa-check\"><\/i> Sekret\u00e4rin<\/li><li><i class=\"fa fa-check\"><\/i> Balkon oder Fenster<\/li><li><i class=\"fa fa-check\"><\/i> Weckdienst \/ Wecker<\/li><li><i class=\"fa fa-check\"><\/i> Haartrockner<\/li><li><i class=\"fa fa-check\"><\/i> Klimatisierung<\/li> <\/ul><\/div><\/div><div class=\"item-price\"><div class=\"price-inner\"><h3> <\/h3><h4> <\/h4><h5><\/h5><a href=\"https:\/\/catolicahotel.com\/de\/rooms\/superior-einzel-doppelzimmer\/\" class=\"btn\">ZIMMER DETAIL<\/a><\/div><\/div><\/div><div class=\"rooms-item\"><div class=\"item-photo\"><a href=\"https:\/\/catolicahotel.com\/de\/rooms\/superior-doppel-zweibettzimmer\/\" data-background=\"https:\/\/catolicahotel.com\/wp-content\/uploads\/2025\/09\/406-36-600x600.jpg\"><\/a><\/div><div class=\"item-desc\"><h2><a href=\"https:\/\/catolicahotel.com\/de\/rooms\/superior-doppel-zweibettzimmer\/\">Superior Doppel-\/Zweibettzimmer<\/a><\/h2><p><b>Privates Badezimmer - Zimmerfl\u00e4che 13 m\u00b2 mit Sitzecke<br>Am Valentinstag, in der Hochzeitsnacht und bei Hochzeitsjubil\u00e4en wird eine Fla<\/p><div class=\"desc-features\"><ul><li><i class=\"fa fa-check\"><\/i> Telefon<\/li><li><i class=\"fa fa-check\"><\/i> Klimatisierung<\/li><li><i class=\"fa fa-check\"><\/i> Haartrockner<\/li><li><i class=\"fa fa-check\"><\/i> Balkon oder Fenster<\/li><li><i class=\"fa fa-check\"><\/i> Sekret\u00e4rin<\/li><li><i class=\"fa fa-check\"><\/i> Kostenlose Toilettenartikel<\/li><li><i class=\"fa fa-check\"><\/i> Badezimmer<\/li><li><i class=\"fa fa-check\"><\/i> Satellitenkan\u00e4le<\/li><li><i class=\"fa fa-check\"><\/i> Bad oder Dusche<\/li> <\/ul><\/div><\/div><div class=\"item-price\"><div class=\"price-inner\"><h3> <\/h3><h4> <\/h4><h5><\/h5><a href=\"https:\/\/catolicahotel.com\/de\/rooms\/superior-doppel-zweibettzimmer\/\" class=\"btn\">ZIMMER DETAIL<\/a><\/div><\/div><\/div><div class=\"rooms-item\"><div class=\"item-photo\"><a href=\"https:\/\/catolicahotel.com\/de\/rooms\/superior-dreibettzimmer\/\" data-background=\"https:\/\/catolicahotel.com\/wp-content\/uploads\/2025\/09\/411-64-600x600.jpg\"><\/a><\/div><div class=\"item-desc\"><h2><a href=\"https:\/\/catolicahotel.com\/de\/rooms\/superior-dreibettzimmer\/\">Superior Dreibettzimmer<\/a><\/h2><p><b>Eigenes Bad - Zimmerfl\u00e4che 14 m\u00b2<br>Dieses Zimmer verf\u00fcgt \u00fcber 3 Einzelbetten.<\/b><\/p><div class=\"desc-features\"><ul><li><i class=\"fa fa-check\"><\/i> Telefon<\/li><li><i class=\"fa fa-check\"><\/i> Klimatisierung<\/li><li><i class=\"fa fa-check\"><\/i> Haartrockner<\/li><li><i class=\"fa fa-check\"><\/i> Weckdienst \/ Wecker<\/li><li><i class=\"fa fa-check\"><\/i> Balkon oder Fenster<\/li><li><i class=\"fa fa-check\"><\/i> Kostenlose Toilettenartikel<\/li><li><i class=\"fa fa-check\"><\/i> Badezimmer<\/li><li><i class=\"fa fa-check\"><\/i> Heizung<\/li><li><i class=\"fa fa-check\"><\/i> Satellitenkan\u00e4le<\/li><li><i class=\"fa fa-check\"><\/i> Bad oder Dusche<\/li> <\/ul><\/div><\/div><div class=\"item-price\"><div class=\"price-inner\"><h3> <\/h3><h4> <\/h4><h5><\/h5><a href=\"https:\/\/catolicahotel.com\/de\/rooms\/superior-dreibettzimmer\/\" class=\"btn\">ZIMMER DETAIL<\/a><\/div><\/div><\/div><div class=\"rooms-item\"><div class=\"item-photo\"><a href=\"https:\/\/catolicahotel.com\/de\/rooms\/superior-familienzimmer\/\" data-background=\"https:\/\/catolicahotel.com\/wp-content\/uploads\/2025\/09\/109-6-600x600.jpg\"><\/a><\/div><div class=\"item-desc\"><h2><a href=\"https:\/\/catolicahotel.com\/de\/rooms\/superior-familienzimmer\/\">Superior Familienzimmer<\/a><\/h2><p><b>Privates Badezimmer - Zimmerfl\u00e4che 20 m\u00b2<br>Dieses ger\u00e4umige Zimmer verf\u00fcgt \u00fcber einen Balkon, Klimaanlage und Satellitenfernsehen. E<\/p><div class=\"desc-features\"><ul><li><i class=\"fa fa-check\"><\/i> Telefon<\/li><li><i class=\"fa fa-check\"><\/i> Klimatisierung<\/li><li><i class=\"fa fa-check\"><\/i> Haartrockner<\/li><li><i class=\"fa fa-check\"><\/i> Weckdienst \/ Wecker<\/li><li><i class=\"fa fa-check\"><\/i> Balkon oder Fenster<\/li><li><i class=\"fa fa-check\"><\/i> Sekret\u00e4rin<\/li><li><i class=\"fa fa-check\"><\/i> Kostenlose Toilettenartikel<\/li><li><i class=\"fa fa-check\"><\/i> Badezimmer<\/li><li><i class=\"fa fa-check\"><\/i> Heizung<\/li><li><i class=\"fa fa-check\"><\/i> Satellitenkan\u00e4le<\/li><li><i class=\"fa fa-check\"><\/i> Bad oder Dusche<\/li> <\/ul><\/div><\/div><div class=\"item-price\"><div class=\"price-inner\"><h3> <\/h3><h4> <\/h4><h5><\/h5><a href=\"https:\/\/catolicahotel.com\/de\/rooms\/superior-familienzimmer\/\" class=\"btn\">ZIMMER DETAIL<\/a><\/div><\/div><\/div><div class=\"rooms-item\"><div class=\"item-photo\"><a href=\"https:\/\/catolicahotel.com\/de\/rooms\/familienzimmer\/\" data-background=\"https:\/\/catolicahotel.com\/wp-content\/uploads\/2016\/07\/DSCF6099net-600x600.jpg\"><\/a><\/div><div class=\"item-desc\"><h2><a href=\"https:\/\/catolicahotel.com\/de\/rooms\/familienzimmer\/\"><b>Familienzimmer<\/b><\/a><\/h2><p><b>Privates Badezimmer - Zimmerfl\u00e4che 20 m\u00b2<br>Dieses ger\u00e4umige Zimmer verf\u00fcgt \u00fcber einen Balkon, Klimaanlage und Satellitenfernsehen. E<\/p><div class=\"desc-features\"><ul><li><i class=\"fa fa-check\"><\/i> Telefon<\/li><li><i class=\"fa fa-check\"><\/i> Klimatisierung<\/li><li><i class=\"fa fa-check\"><\/i> Haartrockner<\/li><li><i class=\"fa fa-check\"><\/i> Weckdienst \/ Wecker<\/li><li><i class=\"fa fa-check\"><\/i> Balkon oder Fenster<\/li><li><i class=\"fa fa-check\"><\/i> Sekret\u00e4rin<\/li><li><i class=\"fa fa-check\"><\/i> Kostenlose Toilettenartikel<\/li><li><i class=\"fa fa-check\"><\/i> Badezimmer<\/li><li><i class=\"fa fa-check\"><\/i> Heizung<\/li><li><i class=\"fa fa-check\"><\/i> Satellitenkan\u00e4le<\/li><li><i class=\"fa fa-check\"><\/i> Bad oder Dusche<\/li> <\/ul><\/div><\/div><div class=\"item-price\"><div class=\"price-inner\"><h3> <\/h3><h4> <\/h4><h5><\/h5><a href=\"https:\/\/catolicahotel.com\/de\/rooms\/familienzimmer\/\" class=\"btn\">ZIMMER DETAIL<\/a><\/div><\/div><\/div><div class=\"rooms-item\"><div class=\"item-photo\"><a href=\"https:\/\/catolicahotel.com\/de\/rooms\/dreibettzimmer\/\" data-background=\"https:\/\/catolicahotel.com\/wp-content\/uploads\/2016\/07\/DSCF6049net-600x600.jpg\"><\/a><\/div><div class=\"item-desc\"><h2><a href=\"https:\/\/catolicahotel.com\/de\/rooms\/dreibettzimmer\/\">Dreibettzimmer<\/a><\/h2><p><b>Eigenes Bad - Zimmerfl\u00e4che 14 m\u00b2<br>Dieses Zimmer verf\u00fcgt \u00fcber 3 Einzelbetten.<\/b><\/p><div class=\"desc-features\"><ul><li><i class=\"fa fa-check\"><\/i> Telefon<\/li><li><i class=\"fa fa-check\"><\/i> Klimatisierung<\/li><li><i class=\"fa fa-check\"><\/i> Haartrockner<\/li><li><i class=\"fa fa-check\"><\/i> Weckdienst \/ Wecker<\/li><li><i class=\"fa fa-check\"><\/i> Balkon oder Fenster<\/li><li><i class=\"fa fa-check\"><\/i> Kostenlose Toilettenartikel<\/li><li><i class=\"fa fa-check\"><\/i> Badezimmer<\/li><li><i class=\"fa fa-check\"><\/i> Heizung<\/li><li><i class=\"fa fa-check\"><\/i> Satellitenkan\u00e4le<\/li><li><i class=\"fa fa-check\"><\/i> Bad oder Dusche<\/li><li><i class=\"fa fa-check\"><\/i> Teppichb\u00f6den<\/li> <\/ul><\/div><\/div><div class=\"item-price\"><div class=\"price-inner\"><h3> <\/h3><h4> <\/h4><h5><\/h5><a href=\"https:\/\/catolicahotel.com\/de\/rooms\/dreibettzimmer\/\" class=\"btn\">ZIMMER DETAIL<\/a><\/div><\/div><\/div><div class=\"rooms-item\"><div class=\"item-photo\"><a href=\"https:\/\/catolicahotel.com\/de\/rooms\/doppel-zweibettzimmer\/\" data-background=\"https:\/\/catolicahotel.com\/wp-content\/uploads\/2016\/07\/DSCF6085net-600x600.jpg\"><\/a><\/div><div class=\"item-desc\"><h2><a href=\"https:\/\/catolicahotel.com\/de\/rooms\/doppel-zweibettzimmer\/\">Doppel-\/Zweibettzimmer<\/a><\/h2><p><b>Privates Badezimmer - Zimmerfl\u00e4che 13 m\u00b2<br>Dieses Zimmer verf\u00fcgt \u00fcber einen Sitzbereich, teilweise mit Holzfu\u00dfboden. Am Valentinstag<\/p><div class=\"desc-features\"><ul><li><i class=\"fa fa-check\"><\/i> Telefon<\/li><li><i class=\"fa fa-check\"><\/i> Klimatisierung<\/li><li><i class=\"fa fa-check\"><\/i> Haartrockner<\/li><li><i class=\"fa fa-check\"><\/i> Balkon oder Fenster<\/li><li><i class=\"fa fa-check\"><\/i> Sekret\u00e4rin<\/li><li><i class=\"fa fa-check\"><\/i> Kostenlose Toilettenartikel<\/li><li><i class=\"fa fa-check\"><\/i> Badezimmer<\/li><li><i class=\"fa fa-check\"><\/i> Satellitenkan\u00e4le<\/li><li><i class=\"fa fa-check\"><\/i> Bad oder Dusche<\/li><li><i class=\"fa fa-check\"><\/i> Teppichb\u00f6den<\/li><li><i class=\"fa fa-check\"><\/i> Holz-\/Parkettb\u00f6den<\/li> <\/ul><\/div><\/div><div class=\"item-price\"><div class=\"price-inner\"><h3> <\/h3><h4> <\/h4><h5><\/h5><a href=\"https:\/\/catolicahotel.com\/de\/rooms\/doppel-zweibettzimmer\/\" class=\"btn\">ZIMMER DETAIL<\/a><\/div><\/div><\/div><div class=\"rooms-item\"><div class=\"item-photo\"><a href=\"https:\/\/catolicahotel.com\/de\/rooms\/einzelzimmer\/\" data-background=\"https:\/\/catolicahotel.com\/wp-content\/uploads\/2016\/07\/DSCF6148net-600x600.jpg\"><\/a><\/div><div class=\"item-desc\"><h2><a href=\"https:\/\/catolicahotel.com\/de\/rooms\/einzelzimmer\/\">Einzelzimmer<\/a><\/h2><p>Eigenes Bad - Zimmerfl\u00e4che 10 m\u00b2<br>Dieses Zimmer verf\u00fcgt \u00fcber ein Doppelbett und kostenloses Wi-Fi.<\/p><div class=\"desc-features\"><ul><li><i class=\"fa fa-check\"><\/i> Telefon<\/li><li><i class=\"fa fa-check\"><\/i> Kostenlose Toilettenartikel<\/li><li><i class=\"fa fa-check\"><\/i> Badezimmer<\/li><li><i class=\"fa fa-check\"><\/i> Heizung<\/li><li><i class=\"fa fa-check\"><\/i> Satellitenkan\u00e4le<\/li><li><i class=\"fa fa-check\"><\/i> Bad oder Dusche<\/li><li><i class=\"fa fa-check\"><\/i> Sekret\u00e4rin<\/li><li><i class=\"fa fa-check\"><\/i> Balkon oder Fenster<\/li><li><i class=\"fa fa-check\"><\/i> Weckdienst \/ Wecker<\/li><li><i class=\"fa fa-check\"><\/i> Haartrockner<\/li><li><i class=\"fa fa-check\"><\/i> Klimatisierung<\/li> <\/ul><\/div><\/div><div class=\"item-price\"><div class=\"price-inner\"><h3> <\/h3><h4> <\/h4><h5><\/h5><a href=\"https:\/\/catolicahotel.com\/de\/rooms\/einzelzimmer\/\" class=\"btn\">ZIMMER DETAIL<\/a><\/div><\/div><\/div> <\/div><!-- Rooms List End --><!-- Pager --><div class=\"widget-pager\"> <\/div><!-- Pager End --> <\/div><\/div><!-- Section Rooms End -->[\/vc_column][\/vc_row]<\/p>\n","protected":false},"excerpt":{"rendered":"<p>[vc_row css=\".vc_custom_1545836578610{margin-top: -20px !important;}\"][vc_column][\/vc_column][\/vc_row]<\/p>\n","protected":false},"author":1,"featured_media":0,"parent":0,"menu_order":0,"comment_status":"closed","ping_status":"closed","template":"fullwidth-page.php","meta":{"footnotes":""},"class_list":["post-1865","page","type-page","status-publish","hentry"],"_links":{"self":[{"href":"https:\/\/catolicahotel.com\/de\/wp-json\/wp\/v2\/pages\/1865","targetHints":{"allow":["GET"]}}],"collection":[{"href":"https:\/\/catolicahotel.com\/de\/wp-json\/wp\/v2\/pages"}],"about":[{"href":"https:\/\/catolicahotel.com\/de\/wp-json\/wp\/v2\/types\/page"}],"author":[{"embeddable":true,"href":"https:\/\/catolicahotel.com\/de\/wp-json\/wp\/v2\/users\/1"}],"replies":[{"embeddable":true,"href":"https:\/\/catolicahotel.com\/de\/wp-json\/wp\/v2\/comments?post=1865"}],"version-history":[{"count":2,"href":"https:\/\/catolicahotel.com\/de\/wp-json\/wp\/v2\/pages\/1865\/revisions"}],"predecessor-version":[{"id":2027,"href":"https:\/\/catolicahotel.com\/de\/wp-json\/wp\/v2\/pages\/1865\/revisions\/2027"}],"wp:attachment":[{"href":"https:\/\/catolicahotel.com\/de\/wp-json\/wp\/v2\/media?parent=1865"}],"curies":[{"name":"wp","href":"https:\/\/api.w.org\/{rel}","templated":true}]}}