{"id":1872,"date":"2018-09-14T10:50:01","date_gmt":"2018-09-14T10:50:01","guid":{"rendered":"https:\/\/catolicahotel.com\/restaurant\/"},"modified":"2025-10-20T11:28:45","modified_gmt":"2025-10-20T11:28:45","slug":"restaurant","status":"publish","type":"page","link":"https:\/\/catolicahotel.com\/de\/restaurant\/","title":{"rendered":"Restaurant"},"content":{"rendered":"<p>[vc_row css=\".vc_custom_1545827203138{margin-top: 75px !important;}\"][vc_column][vc_column_text el_class=\"hotel-txt\"]<strong>\u00d6ffnungszeiten des Restaurants:<\/strong><\/p>\n<p>Fr\u00fchst\u00fcck von 07h30 bis 10h00<\/p>\n<p>Mittagessen von 12.30 Uhr bis 15 Uhr<\/p>\n<p>Abendessen von 19.30 Uhr bis 22 Uhr<\/p>\n<p>&nbsp;<\/p>\n<p>Unser Restaurant befindet sich im Hotel Cat\u00f3lica und serviert ein Fr\u00fchst\u00fccksbuffet, Mittagessen \u00e0 la carte und Abendessen \u00e0 la carte.<\/p>\n<p>Die Gerichte werden sehr gut pr\u00e4sentiert, wobei die besten<strong> Zutaten von lokalen Lieferanten<\/strong> bevorzugt werden, ebenso wie eine vielf\u00e4ltige Liste <strong>portugiesischer Weine<\/strong>.<\/p>\n<p>Das Restaurant bietet auch <strong>Men\u00fcs f\u00fcr Kinder<\/strong> und <strong>spezielle<\/strong> Gerichte <strong>f\u00fcr Di\u00e4twillige<\/strong> (auf Anfrage).<\/p>\n<p>Sie k\u00f6nnen sich auch entspannen und einen Drink in unserer Bar und Lounge genie\u00dfen, die bis 23:00 Uhr ge\u00f6ffnet ist.<\/p>\n<p>&nbsp;<\/p>\n<p>F\u00fcr weitere Informationen und Buchungen kontaktieren Sie uns bitte: (+351) 249 539 750 &#8211; <small>Rufen Sie aus dem nationalen Festnetz an<\/small>[\/vc_column_text][\/vc_column][\/vc_row][vc_row css=\".vc_custom_1545413939785{margin-top: 52px !important;}\"][vc_column width=\"1\/3&#8243; el_class=\"restauranteClass\"][vc_single_image image=\"528&#8243; img_size=\"960&#215;560&#8243; alignment=\"center\"][\/vc_column][vc_column width=\"1\/3&#8243;][vc_single_image image=\"544&#8243; img_size=\"960&#215;560&#8243; alignment=\"center\"][\/vc_column][vc_column width=\"1\/3&#8243;][vc_single_image image=\"545&#8243; img_size=\"960&#215;560&#8243; alignment=\"center\"][\/vc_column][\/vc_row][vc_row][vc_column width=\"1\/3&#8243; el_class=\"restauranteClass\"][vc_single_image image=\"548&#8243; img_size=\"960&#215;560&#8243; alignment=\"center\"][\/vc_column][vc_column width=\"1\/3&#8243;][vc_single_image image=\"547&#8243; img_size=\"960&#215;560&#8243; alignment=\"center\"][\/vc_column][vc_column width=\"1\/3&#8243;][vc_single_image image=\"549&#8243; img_size=\"960&#215;560&#8243; alignment=\"center\"][\/vc_column][\/vc_row][vc_row][vc_column][vc_empty_space height=\"60px\"][\/vc_column][\/vc_row]<\/p>\n","protected":false},"excerpt":{"rendered":"<p>[vc_row css=\".vc_custom_1545827203138{margin-top: 75px !important;}\"][vc_column][vc_column_text el_class=\"hotel-txt\"]\u00d6ffnungszeiten des Restaurants: Fr\u00fchst\u00fcck von 07h30 bis 10h00 Mittagessen von 12.30 Uhr bis 15 Uhr Abendessen von 19.30 Uhr bis 22 Uhr &nbsp;&#8230;<\/p>\n","protected":false},"author":1,"featured_media":0,"parent":0,"menu_order":0,"comment_status":"closed","ping_status":"closed","template":"","meta":{"footnotes":""},"class_list":["post-1872","page","type-page","status-publish","hentry"],"_links":{"self":[{"href":"https:\/\/catolicahotel.com\/de\/wp-json\/wp\/v2\/pages\/1872","targetHints":{"allow":["GET"]}}],"collection":[{"href":"https:\/\/catolicahotel.com\/de\/wp-json\/wp\/v2\/pages"}],"about":[{"href":"https:\/\/catolicahotel.com\/de\/wp-json\/wp\/v2\/types\/page"}],"author":[{"embeddable":true,"href":"https:\/\/catolicahotel.com\/de\/wp-json\/wp\/v2\/users\/1"}],"replies":[{"embeddable":true,"href":"https:\/\/catolicahotel.com\/de\/wp-json\/wp\/v2\/comments?post=1872"}],"version-history":[{"count":1,"href":"https:\/\/catolicahotel.com\/de\/wp-json\/wp\/v2\/pages\/1872\/revisions"}],"predecessor-version":[{"id":1873,"href":"https:\/\/catolicahotel.com\/de\/wp-json\/wp\/v2\/pages\/1872\/revisions\/1873"}],"wp:attachment":[{"href":"https:\/\/catolicahotel.com\/de\/wp-json\/wp\/v2\/media?parent=1872"}],"curies":[{"name":"wp","href":"https:\/\/api.w.org\/{rel}","templated":true}]}}