{"id":1845,"date":"2018-10-30T00:01:08","date_gmt":"2018-10-30T00:01:08","guid":{"rendered":"https:\/\/catolicahotel.com\/0-home\/"},"modified":"2025-10-28T16:52:28","modified_gmt":"2025-10-28T16:52:28","slug":"0-home","status":"publish","type":"page","link":"https:\/\/catolicahotel.com\/en\/","title":{"rendered":"0. HOME"},"content":{"rendered":"<p>[vc_row][vc_column]<div class=\"section \"  id=\"home-slider\" ><div class=\"widget-slider\"><div class=\"wrapper-full\"><div class=\"widget-carousel owl-carousel owl-theme\"><div class=\"slider-item\" data-background=\"https:\/\/catolicahotel.com\/wp-content\/uploads\/2018\/10\/banner-quarto.png\"><div class=\"wrapper\"><div class=\"item-inner\"><h1>Your Hotel in F\u00e1tima<\/h1><h2>A 3-minute walk from the sanctuary!<\/h2><\/div><\/div><\/div><div class=\"slider-item\" data-background=\"https:\/\/catolicahotel.com\/wp-content\/uploads\/2018\/09\/Banner.jpg\"><div class=\"wrapper\"><div class=\"item-inner\"><h1>Your Hotel in F\u00e1tima<\/h1><h2>Find peace and harmony!<\/h2><\/div><\/div><\/div><div class=\"slider-item\" data-background=\"https:\/\/catolicahotel.com\/wp-content\/uploads\/2018\/09\/banner-3.jpg\"><div class=\"wrapper\"><div class=\"item-inner\"><h1>Your Hotel in F\u00e1tima<\/h1><h2>For you and your family!<\/h2><\/div><\/div><\/div><\/div><!-- Slider Carousel End --><!-- Slider Booking --><div class=\"slider-booking\"><div class=\"wrapper\"><h5><\/h5><ul class=\"wrapper-list\"><\/p>\n<div style=\"text-align: center; display: none;\">\n<div style=\"display: inline; font-weight: 500; letter-spacing: 0.05em;\"><label for=\"data\">Special conditions by phone. Find out more: <\/label><a href=\"tel:249539750\"><button class=\"btn\" style=\"margin-left: 15px !important; font-size: 11px;\" type=\"submit\">(+351) 249 539 750 &#8211; <small>Call the national fixed network<small><\/small><\/small><\/button><\/a><\/div>\n<\/div>\n<p><\/ul><\/div><\/div><!-- Slider Booking End --><\/div><\/div><\/div><!-- Section Slider End -->[\/vc_column][\/vc_row][vc_row content_placement=&#8221;middle&#8221; grandium_select_container=&#8221;topandbottom&#8221; css=&#8221;.vc_custom_1545822412774{margin-top: 50px !important;}&#8221; el_class=&#8221;align-center&#8221;][vc_column width=&#8221;1\/6&#8243;][\/vc_column][vc_column width=&#8221;5\/6&#8243;]<!-- Section Rooms --><div class=\"section \" id=\"room-carousel-section\"><div class=\"widget-rooms-carousel top-over\"><div class=\"wrapper-inner\"><!-- Rooms Title --><div class=\"widget-title\"><h5>Label<\/h5><h2>Heading<\/h2><p>Description<\/p><\/div><!-- Rooms Title End --><!-- Rooms Carousel --><div class=\"widget-carousel owl-carousel owl-theme\"><div class=\"rooms-item\"><div class=\"item-inner\"><div class=\"item-photo\"><a href=\"https:\/\/catolicahotel.com\/en\/rooms\/single-room\/\" data-background=\"https:\/\/catolicahotel.com\/wp-content\/uploads\/2016\/07\/DSCF6148net-353x353.jpg\"><\/a><\/div><div class=\"item-desc\"><h2><a href=\"https:\/\/catolicahotel.com\/en\/rooms\/single-room\/\">Single Room<\/a><\/h2><h3> <\/h3><p>Private bathroom - Room area 10 m\u00b2<br>This room includes a double bed and free Wi-Fi.<\/p><\/div><\/div><\/div><div class=\"rooms-item\"><div class=\"item-inner\"><div class=\"item-photo\"><a href=\"https:\/\/catolicahotel.com\/en\/rooms\/double-twin-room\/\" data-background=\"https:\/\/catolicahotel.com\/wp-content\/uploads\/2016\/07\/DSCF6085net-353x353.jpg\"><\/a><\/div><div class=\"item-desc\"><h2><a href=\"https:\/\/catolicahotel.com\/en\/rooms\/double-twin-room\/\">Double\/Twin Room<\/a><\/h2><h3> <\/h3><p><b>Private bathroom - Room area 13 m\u00b2<br>This room includes a seating area, some with wooden floors. On<\/p><\/div><\/div><\/div><div class=\"rooms-item\"><div class=\"item-inner\"><div class=\"item-photo\"><a href=\"https:\/\/catolicahotel.com\/en\/rooms\/triple-room\/\" data-background=\"https:\/\/catolicahotel.com\/wp-content\/uploads\/2016\/07\/DSCF6049net-353x353.jpg\"><\/a><\/div><div class=\"item-desc\"><h2><a href=\"https:\/\/catolicahotel.com\/en\/rooms\/triple-room\/\">Triple Room<\/a><\/h2><h3> <\/h3><p><b>Private bathroom - Room area 14 m\u00b2<br>This room includes 3 single beds.<\/b><\/p><\/div><\/div><\/div><div class=\"rooms-item\"><div class=\"item-inner\"><div class=\"item-photo\"><a href=\"https:\/\/catolicahotel.com\/en\/rooms\/family-room\/\" data-background=\"https:\/\/catolicahotel.com\/wp-content\/uploads\/2016\/07\/DSCF6099net-353x353.jpg\"><\/a><\/div><div class=\"item-desc\"><h2><a href=\"https:\/\/catolicahotel.com\/en\/rooms\/family-room\/\"><b>Family Room<\/b><\/a><\/h2><h3> <\/h3><p><b>Private bathroom - Room area 20 m\u00b2<br>This spacious room has a balcony, air conditioning and satelli<\/p><\/div><\/div><\/div> <\/div><!-- Rooms Carousel End --><\/div><\/div><\/div><!-- Section Rooms End -->[\/vc_column][\/vc_row][vc_row][vc_column]<!-- Section About Promo --><div class=\"section  vc_custom_1760971324050\" id=\"features-section\" ><div class=\"widget-about-promo\" data-background=\"https:\/\/catolicahotel.com\/wp-content\/uploads\/2025\/09\/166709992_883030609097182_5373357335992568487_n.jpg\"><div class=\"wrapper-inner\"><div class=\"widget-inner\"><div class=\"row\"><div class=\"col-md-6\"><h5>About  <\/h5><h2>The Hotel<\/h2>Centrally located in the heart of F\u00e1tima, the Cat\u00f3lica Hotel is just 3 minutes from the Sanctuary of Nossa Senhora de F\u00e1tima.<\/p>\n<p>Surrounded by natural light, with a welcoming and familiar atmosphere, the hotel has 49 rooms, divided into single rooms, double or twin rooms, triple rooms and family rooms, decorated in a modern-classical style.<\/p>\n<p>Our guests can enjoy a meal or drink typical of our region at the Cat\u00f3lica Hotel Restaurant and Bar.<\/p>\n<p>We also have a meeting\/event room at your disposal with a capacity of 50 people.<\/p>\n<p>We speak your language!<\/p>\n<div style=\"text-align: center;\"><a class=\"btn\" href=\"https:\/\/catolicahotel.com\/en\/hotel\/\">Read more<\/a><\/div>\n<p><\/div><\/div><\/div><\/div><\/div><\/div><!-- Section About Promo End -->[vc_empty_space height=&#8221;50&#8243;][\/vc_column][\/vc_row][vc_row][vc_column]<!-- Section Features --><div id=\"our-facilities\" class=\"section \"><div class=\"widget-features-grid\"><div class=\"wrapper-inner\"><!-- Features Title --><div class=\"widget-title\"><h5>MAIN<\/h5><h2>Characteristics<\/h2><p><\/p><\/div><!-- Features Title End --><!-- Features Content --><div class=\"widget-inner\"><div class=\"row\"><div class=\"col-lg-3 col-sm-6\"><div class=\"features-item\" data-background=\"https:\/\/catolicahotel.com\/wp-content\/uploads\/2018\/09\/DSCF6975net-670x690.jpg\"><a href=\"http:\/\/www.catolicahotel.com\/hotel-em-fatima\/\" target=\"\"><h3>Free Wi-Fi<\/h3><p><\/p><\/a> <\/div><\/div><div class=\"col-lg-3 col-sm-6\"><div class=\"features-item\" data-background=\"https:\/\/catolicahotel.com\/wp-content\/uploads\/2018\/09\/DSCF6964net-670x690.jpg\"><a href=\"http:\/\/www.catolicahotel.com\/hotel-em-fatima\/\" target=\"\"><h3>Facilities for people with reduced mobility<\/h3><p><\/p><\/a> <\/div><\/div><div class=\"col-lg-3 col-sm-6\"><div class=\"features-item\" data-background=\"https:\/\/catolicahotel.com\/wp-content\/uploads\/2018\/09\/DSCF5892net-670x690.jpg\"><a href=\"http:\/\/www.catolicahotel.com\/restaurante\/\" target=\"\"><h3>Breakfast included in room reservations<\/h3><p><\/p><\/a> <\/div><\/div><div class=\"col-lg-3 col-sm-6\"><div class=\"features-item\" data-background=\"https:\/\/catolicahotel.com\/wp-content\/uploads\/2018\/09\/Banner-670x690.jpg\"><a href=\"http:\/\/www.catolicahotel.com\/restaurante\/\" target=\"\"><h3>Restaurant<\/h3><p><\/p><\/a> <\/div><\/div><div class=\"col-lg-3 col-sm-6\"><div class=\"features-item\" data-background=\"https:\/\/catolicahotel.com\/wp-content\/uploads\/2018\/11\/DSCF9782-670x690.jpg\"><a href=\"http:\/\/www.catolicahotel.com\/hotel-em-fatima\/\" target=\"\"><h3>Conference Room<\/h3><p><\/p><\/a> <\/div><\/div><div class=\"col-lg-3 col-sm-6\"><div class=\"features-item\" data-background=\"https:\/\/catolicahotel.com\/wp-content\/uploads\/2016\/07\/DSCF6099net-670x690.jpg\"><a href=\"http:\/\/www.catolicahotel.com\/hotel-em-fatima\/\" target=\"\"><h3>Reception available 24 hours a day<\/h3><p><\/p><\/a> <\/div><\/div><div class=\"col-lg-3 col-sm-6\"><div class=\"features-item\" data-background=\"https:\/\/catolicahotel.com\/wp-content\/uploads\/2018\/11\/DSCF9792net-670x690.jpg\"><a href=\"http:\/\/www.catolicahotel.com\/hotel-em-fatima\/\" target=\"\"><h3>5 languages spoken<\/h3><p><\/p><\/a> <\/div><\/div><div class=\"col-lg-3 col-sm-6\"><div class=\"features-item\" data-background=\"https:\/\/catolicahotel.com\/wp-content\/uploads\/2018\/12\/santuario-fatima-670x690.jpg\"><a href=\"http:\/\/www.catolicahotel.com\/contactos\/\" target=\"\"><h3>Location (near the shrine)<\/h3><p><\/p><\/a> <\/div><\/div><\/div><\/div><!-- Features Content End --><\/div><\/div><\/div><!-- Section Features End -->[vc_empty_space height=&#8221;50&#8243;][\/vc_column][\/vc_row][vc_row][vc_column]<!-- Section Video --><div class=\"section  vc_custom_1545842351505\" id=\"video-section\"><div class=\"widget-video-full\" data-background=\"https:\/\/catolicahotel.com\/wp-content\/uploads\/2018\/11\/papa.jpg\"><div class=\"wrapper-full-inner\"><!-- Video Title --><div class=\"widget-title\"><h5><\/h5><h2><\/h2><p><\/p><\/div>\r\n                <!-- Video Title End -->\r\n                <!-- Video Content --><div class=\"widget-inner\"><a href=\"https:\/\/www.youtube.com\/watch?v=FlYgdBw8rBA\" class=\"video-play popup-video\"><i class=\"fa fa-play\"><\/i><\/a><\/div><!-- Video Content End -->\r\n           <\/div>\r\n       <\/div>\r\n    <\/div>\r\n    <!-- Section Video End -->[vc_empty_space height=&#8221;50&#8243;][\/vc_column][\/vc_row][vc_row disable_element=&#8221;yes&#8221; el_id=&#8221;News&#8221;][vc_column width=&#8221;1\/6&#8243;][\/vc_column][vc_column width=&#8221;2\/3&#8243;]<!-- Section Blog --><div class=\"section \" id=\"blog-section\"><div class=\"widget-blog-carousel\"><div class=\"wrapper-full-inner\"><!-- Blog Title --><div class=\"widget-title\"><h5>LATEST<\/h5><h2>News<\/h2><p><\/p><\/div><!-- Blog Title End --><!-- Blog Carousel --><div class=\"widget-carousel owl-carousel owl-theme\"><div class=\"blog-item\"><div class=\"item-media\"><div class=\"item-date\"><b>26<\/b>December<\/div><div class=\"media-photo\"> <a href=\"https:\/\/catolicahotel.com\/en\/2018\/12\/26\/beaches\/\" data-background=\"https:\/\/catolicahotel.com\/wp-content\/uploads\/2018\/12\/praiaDaNazare-319x319.jpg\"><\/a>  <\/div><\/div><div class=\"item-desc\"><h3><a href=\"https:\/\/catolicahotel.com\/en\/2018\/12\/26\/beaches\/\">Beaches<\/a><\/h3><h5>tera<\/h5><p>Nazar\u00e9, S\u00e3o Martinho do Porto, S\u00e3o Pedro de Moe<\/p><a href=\"https:\/\/catolicahotel.com\/en\/2018\/12\/26\/beaches\/\" class=\"btn-link\">Ler mais<\/a><\/div><\/div><div class=\"blog-item\"><div class=\"item-media\"><div class=\"item-date\"><b>26<\/b>December<\/div><div class=\"media-photo\"> <a href=\"https:\/\/catolicahotel.com\/en\/2018\/12\/26\/serra-daire-and-candeeiros\/\" data-background=\"https:\/\/catolicahotel.com\/wp-content\/uploads\/2018\/12\/serraDaireCandeeiros-319x319.jpg\"><\/a>  <\/div><\/div><div class=\"item-desc\"><h3><a href=\"https:\/\/catolicahotel.com\/en\/2018\/12\/26\/serra-daire-and-candeeiros\/\">Serra d&#8217;Aire and Candeeiros<\/a><\/h3><h5>tera<\/h5><p>Right next door is the Serra d&#8217;Aire e Candee<\/p><a href=\"https:\/\/catolicahotel.com\/en\/2018\/12\/26\/serra-daire-and-candeeiros\/\" class=\"btn-link\">Ler mais<\/a><\/div><\/div><div class=\"blog-item\"><div class=\"item-media\"><div class=\"item-date\"><b>26<\/b>December<\/div><div class=\"media-photo\"> <a href=\"https:\/\/catolicahotel.com\/en\/2018\/12\/26\/castles\/\" data-background=\"https:\/\/catolicahotel.com\/wp-content\/uploads\/2018\/12\/casteloOurem-319x319.jpg\"><\/a>  <\/div><\/div><div class=\"item-desc\"><h3><a href=\"https:\/\/catolicahotel.com\/en\/2018\/12\/26\/castles\/\">Castles<\/a><\/h3><h5>tera<\/h5><p>In this area of Leiria &#8211; F\u00e1tima you can vis<\/p><a href=\"https:\/\/catolicahotel.com\/en\/2018\/12\/26\/castles\/\" class=\"btn-link\">Ler mais<\/a><\/div><\/div><\/div>\r\n                <!-- Blog Carousel End -->\r\n            <\/div>\r\n        <\/div>\r\n    <\/div>\r\n    <!-- Section Blog End -->[\/vc_column][vc_column width=&#8221;1\/6&#8243;][\/vc_column][\/vc_row][vc_row css=&#8221;.vc_custom_1545415734163{margin-top: -20px !important;}&#8221;][vc_column]<!-- Section testimonials --><div class=\"section \" id=\"testi-section\"><div class=\"widget-testimonials-carousel\"><div class=\"wrapper-inner\"><!-- testimonials Title --><div class=\"widget-title\"><h5>CLIENT<\/h5><h2>Testemonies<\/h2><p><\/p><\/div><!-- testimonials Title End --><!-- Testimonials Carousel --><div class=\"widget-carousel owl-carousel owl-theme\"><div class=\"testimonials-item\"><div class=\"item-comment\">We liked the location, the room and the breakfast. Dinner was also very good. The price\/service ratio is good. Very friendly staff.<\/div><div class=\"item-customer\"><div class=\"customer-photo\" data-background=\"\"><\/div><h5>Abilio<\/h5><h6>Portugal<\/h6><\/div> <\/div><div class=\"testimonials-item\"><div class=\"item-comment\">Very attentive and friendly staff. Great breakfast. The hotel restaurant is excellent and the price is attractive for the quality\/quantity of the dinner. Clean and comfortable rooms.<\/div><div class=\"item-customer\"><div class=\"customer-photo\" data-background=\"\"><\/div><h5>Catarina<\/h5><h6>Portugal<\/h6><\/div> <\/div><div class=\"testimonials-item\"><div class=\"item-comment\">The location was excellent. The menu was very satisfying.<\/div><div class=\"item-customer\"><div class=\"customer-photo\" data-background=\"\"><\/div><h5>Idalina<\/h5><h6>Portugal<\/h6><\/div> <\/div><div class=\"testimonials-item\"><div class=\"item-comment\">Breakfast was good. The room heating and towel heating are excellent.<\/div><div class=\"item-customer\"><div class=\"customer-photo\" data-background=\"\"><\/div><h5>Roberto<\/h5><h6>Brasil<\/h6><\/div> <\/div><div class=\"testimonials-item\"><div class=\"item-comment\">Everything! Very good hotel! Next to the shrine! Super attentive and helpful staff! When I return, I will stay there again!<\/div><div class=\"item-customer\"><div class=\"customer-photo\" data-background=\"\"><\/div><h5>Kelly<\/h5><h6>Brasil<\/h6><\/div> <\/div><div class=\"testimonials-item\"><div class=\"item-comment\">Hotel with an excellent location very close to the Sanctuary, shops and restaurants. Friendly staff. We stayed in a room for four people. Spacious, clean and comfortable room. Excellent value for money, everything working perfectly. It was an excellent trip!<\/div><div class=\"item-customer\"><div class=\"customer-photo\" data-background=\"\"><\/div><h5>Jacinta<\/h5><h6>Brasil<\/h6><\/div> <\/div><div class=\"testimonials-item\"><div class=\"item-comment\">I loved everything!! I RECOMMEND IT!! It's a 3-star hotel, but for me it was 5 stars!!! Great price, excellent breakfast, super comfortable bed, excellent staff, very close to the Sanctuary of F\u00e1tima, comfortable room, large and very clean bathroom, hotel restaurant with a reasonably priced menu.<\/div><div class=\"item-customer\"><div class=\"customer-photo\" data-background=\"\"><\/div><h5>Gilberto<\/h5><h6>Portugal<\/h6><\/div> <\/div><\/div><!-- Testimonials Carousel End --><\/div><\/div><\/div><!-- Section Testimonials End -->[\/vc_column][\/vc_row][vc_row css=&#8221;.vc_custom_1545415734163{margin-top: -20px !important;}&#8221;][vc_column][vc_empty_space height=&#8221;50&#8243;][\/vc_column][\/vc_row][vc_row css=&#8221;.vc_custom_1545415734163{margin-top: -20px !important;}&#8221;][vc_column]<section id=\"test-heading\" class=\"row  vc_custom_1760971604560\"><div class=\"container\"><div class=\"row section-header wow fadeInUp\"><h2>Couples particularly like the location<\/h2><p>They gave a score of 9.3 for a trip for two.<\/p><\/div><\/div><\/section>[\/vc_column][\/vc_row][vc_row][vc_column][vc_raw_html]PGlmcmFtZSBzcmM9Imh0dHBzOi8vd3d3Lmdvb2dsZS5jb20vbWFwcy9lbWJlZD9wYj0hMW0xOCExbTEyITFtMyExZDUxNjcuOTc5MTY3OTEyNjcxITJkLTguNjc0MzQ3NzY1NzQwMDg0ITNkMzkuNjI5NDgyNDQ5NTYzNjMhMm0zITFmMCEyZjAhM2YwITNtMiExaTEwMjQhMmk3NjghNGYxMy4xITNtMyExbTIhMXMweGQxODlkMmM3MzA2ODE0ZiUzQTB4YzgyZTlmYTdmMjc2MzEwZSEyc0hvdGVsK0NhdCVDMyVCM2xpY2EhNWUwITNtMiExc3B0LVBUITJzcHQhNHYxNTM2OTIyNjU1NzA1IiB3aWR0aD0iMTAwJSIgaGVpZ2h0PSI1MDAiIGZyYW1lYm9yZGVyPSIwIiBzdHlsZT0iYm9yZGVyOjAiIGFsbG93ZnVsbHNjcmVlbj0iIj48L2lmcmFtZT4=[\/vc_raw_html][\/vc_column][\/vc_row]<\/p>\n","protected":false},"excerpt":{"rendered":"<p>[vc_row][vc_column][\/vc_column][\/vc_row][vc_row content_placement=&#8221;middle&#8221; grandium_select_container=&#8221;topandbottom&#8221; css=&#8221;.vc_custom_1545822412774{margin-top: 50px !important;}&#8221; el_class=&#8221;align-center&#8221;][vc_column width=&#8221;1\/6&#8243;][\/vc_column][vc_column width=&#8221;5\/6&#8243;][\/vc_column][\/vc_row][vc_row][vc_column][vc_empty_space height=&#8221;50&#8243;][\/vc_column][\/vc_row][vc_row][vc_column][vc_empty_space height=&#8221;50&#8243;][\/vc_column][\/vc_row][vc_row][vc_column][vc_empty_space height=&#8221;50&#8243;][\/vc_column][\/vc_row][vc_row disable_element=&#8221;yes&#8221; el_id=&#8221;News&#8221;][vc_column width=&#8221;1\/6&#8243;][\/vc_column][vc_column width=&#8221;2\/3&#8243;][\/vc_column][vc_column width=&#8221;1\/6&#8243;][\/vc_column][\/vc_row][vc_row css=&#8221;.vc_custom_1545415734163{margin-top: -20px !important;}&#8221;][vc_column][\/vc_column][\/vc_row][vc_row css=&#8221;.vc_custom_1545415734163{margin-top: -20px !important;}&#8221;][vc_column][vc_empty_space height=&#8221;50&#8243;][\/vc_column][\/vc_row][vc_row css=&#8221;.vc_custom_1545415734163{margin-top: -20px !important;}&#8221;][vc_column][\/vc_column][\/vc_row][vc_row][vc_column][vc_raw_html]PGlmcmFtZSBzcmM9Imh0dHBzOi8vd3d3Lmdvb2dsZS5jb20vbWFwcy9lbWJlZD9wYj0hMW0xOCExbTEyITFtMyExZDUxNjcuOTc5MTY3OTEyNjcxITJkLTguNjc0MzQ3NzY1NzQwMDg0ITNkMzkuNjI5NDgyNDQ5NTYzNjMhMm0zITFmMCEyZjAhM2YwITNtMiExaTEwMjQhMmk3NjghNGYxMy4xITNtMyExbTIhMXMweGQxODlkMmM3MzA2ODE0ZiUzQTB4YzgyZTlmYTdmMjc2MzEwZSEyc0hvdGVsK0NhdCVDMyVCM2xpY2EhNWUwITNtMiExc3B0LVBUITJzcHQhNHYxNTM2OTIyNjU1NzA1IiB3aWR0aD0iMTAwJSIgaGVpZ2h0PSI1MDAiIGZyYW1lYm9yZGVyPSIwIiBzdHlsZT0iYm9yZGVyOjAiIGFsbG93ZnVsbHNjcmVlbj0iIj48L2lmcmFtZT4=[\/vc_raw_html][\/vc_column][\/vc_row]<\/p>\n","protected":false},"author":1,"featured_media":0,"parent":0,"menu_order":0,"comment_status":"closed","ping_status":"closed","template":"frontpage.php","meta":{"footnotes":""},"class_list":["post-1845","page","type-page","status-publish","hentry"],"_links":{"self":[{"href":"https:\/\/catolicahotel.com\/en\/wp-json\/wp\/v2\/pages\/1845","targetHints":{"allow":["GET"]}}],"collection":[{"href":"https:\/\/catolicahotel.com\/en\/wp-json\/wp\/v2\/pages"}],"about":[{"href":"https:\/\/catolicahotel.com\/en\/wp-json\/wp\/v2\/types\/page"}],"author":[{"embeddable":true,"href":"https:\/\/catolicahotel.com\/en\/wp-json\/wp\/v2\/users\/1"}],"replies":[{"embeddable":true,"href":"https:\/\/catolicahotel.com\/en\/wp-json\/wp\/v2\/comments?post=1845"}],"version-history":[{"count":12,"href":"https:\/\/catolicahotel.com\/en\/wp-json\/wp\/v2\/pages\/1845\/revisions"}],"predecessor-version":[{"id":1994,"href":"https:\/\/catolicahotel.com\/en\/wp-json\/wp\/v2\/pages\/1845\/revisions\/1994"}],"wp:attachment":[{"href":"https:\/\/catolicahotel.com\/en\/wp-json\/wp\/v2\/media?parent=1845"}],"curies":[{"name":"wp","href":"https:\/\/api.w.org\/{rel}","templated":true}]}}