{"id":1950,"date":"2018-10-30T00:01:43","date_gmt":"2018-10-30T00:01:43","guid":{"rendered":"https:\/\/catolicahotel.com\/hotel\/"},"modified":"2025-10-20T11:26:20","modified_gmt":"2025-10-20T11:26:20","slug":"hotel","status":"publish","type":"page","link":"https:\/\/catolicahotel.com\/en\/hotel\/","title":{"rendered":"HOTEL"},"content":{"rendered":"<p>[vc_row][vc_column][vc_empty_space height=&#8221;80&#8243;][\/vc_column][\/vc_row][vc_row full_width=&#8221;stretch_row&#8221; css=&#8221;.vc_custom_1756912985251{background-position: center !important;background-repeat: no-repeat !important;background-size: cover !important;}&#8221;][vc_column width=&#8221;1\/2&#8243;][vc_custom_heading text=&#8221;Thinking of you&#8221; font_container=&#8221;tag:h2|font_size:30|text_align:center|color:%235f1f08&#8243; google_fonts=&#8221;font_family:Playfair%20Display%3Aregular%2Citalic%2C700%2C700italic%2C900%2C900italic|font_style:900%20bold%20regular%3A900%3Anormal&#8221; css=&#8221;.vc_custom_1756913541583{margin-bottom: 30px !important;}&#8221;][vc_column_text el_class=&#8221;hotel-txt&#8221; css=&#8221;.vc_custom_1756913761038{padding-right: 10px !important;}&#8221;]Centrally located in the heart of F\u00e1tima, Cat\u00f3lica Hotel is just <strong>3 minutes from the Sanctuary of Our Lady of F\u00e1tima<\/strong>.<\/p>\n<p>Surrounded by natural light, with a welcoming and familiar atmosphere, the hotel has <strong>49 rooms<\/strong>, divided into single rooms, double or twin rooms, triple rooms and family rooms, decorated in a <strong>modern-classical style<\/strong>. Our guests can enjoy a meal or drink typical of our region in the Cat\u00f3lica Hotel Restaurant and Bar.<br \/>\nWe also have a meeting\/event room at your disposal with a capacity of <strong>50 people<\/strong>.<\/p>\n<p>While enjoying their stay at the Cat\u00f3lica Hotel, guests can also <strong>explore the attractions that surround F\u00e1tima<\/strong>. For example, the castles of Leiria, Our\u00e9m, Tomar and Pombal as well as Serra d&#8217;Aire and Parque dos Candeeiros. <\/p>\n<p style=\"text-align: justify;\">Couples particularly like the location &#8211; they gave it a <strong>score of 9.3<\/strong> for a trip for two.<\/p>\n<p>[\/vc_column_text][\/vc_column][vc_column width=&#8221;1\/2&#8243;][vc_images_carousel images=&#8221;1229,1230,1228,787,797&#8243; img_size=&#8221;500&#215;500&#8243; speed=&#8221;3000&#8243; wrap=&#8221;yes&#8221; css=&#8221;.vc_custom_1758554058626{border-left-width: 50px !important;}&#8221; el_id=&#8221;hotelCarousel&#8221;][\/vc_column][\/vc_row][vc_row][vc_column][vc_empty_space height=&#8221;80&#8243;][\/vc_column][\/vc_row][vc_row][vc_column width=&#8221;1\/2&#8243;][vc_custom_heading text=&#8221;Services&#8221; font_container=&#8221;tag:h2|text_align:center&#8221; google_fonts=&#8221;font_family:Playfair%20Display%3Aregular%2Citalic%2C700%2C700italic%2C900%2C900italic|font_style:900%20bold%20regular%3A900%3Anormal&#8221; css=&#8221;.vc_custom_1756913478724{margin-top: 25px !important;margin-bottom: 45px !important;}&#8221;][vc_column_text el_class=&#8221;servicos-txt&#8221;]<\/p>\n<p class=\"servicos-check\"><i class=\"fas fa-check\"><\/i>  5 languages spoken: PT, ES, EN, FR, IT<br \/>\n<i class=\"fas fa-check\"><\/i>  24-hour reception<br \/>\n<i class=\"fas fa-check\"><\/i>  Buffet breakfast on all stays<br \/>\n<i class=\"fas fa-check\"><\/i>  Restaurant and Bar<br \/>\n<i class=\"fas fa-check\"><\/i>  Daily Cleaning<br \/>\n<i class=\"fas fa-check\"><\/i>  Shared lounge\/TV area<br \/>\nPhotocopier<br \/>\n<i class=\"fas fa-check\"><\/i>  Meeting room\/Events<br \/>\n<i class=\"fas fa-check\"><\/i>  Room service<br \/>\n<i class=\"fas fa-check\"><\/i>  Wake-up service<\/p>\n<p>[\/vc_column_text][\/vc_column][vc_column width=&#8221;1\/2&#8243;][vc_custom_heading text=&#8221;Installations&#8221; font_container=&#8221;tag:h2|text_align:center&#8221; google_fonts=&#8221;font_family:Playfair%20Display%3Aregular%2Citalic%2C700%2C700italic%2C900%2C900italic|font_style:900%20bold%20regular%3A900%3Anormal&#8221; css=&#8221;.vc_custom_1756913486338{margin-top: 25px !important;margin-bottom: 45px !important;}&#8221;][vc_column_text el_class=&#8221;servicos-txt&#8221;]<\/p>\n<p class=\"servicos-check\"><i class=\"fas fa-check\"><\/i>  Terrace<br \/>\n<i class=\"fas fa-check\"><\/i>  Elevator<br \/>\n<i class=\"fas fa-check\"><\/i>  Luggage room<br \/>\n<i class=\"fas fa-check\"><\/i>  Air conditioning<br \/>\n<i class=\"fas fa-check\"><\/i>  Heating<br \/>\n<i class=\"fas fa-check\"><\/i>  Family rooms<br \/>\n<i class=\"fas fa-check\"><\/i>  Facilities for people with reduced mobility<br \/>\n<i class=\"fas fa-check\"><\/i>  Adaptation for people with reduced mobility (WC with emergency cable, grab rails and recessed washbasin)<br \/>\n<i class=\"fas fa-check\"><\/i>  No smoking in all areas<\/p>\n<p>[\/vc_column_text][\/vc_column][\/vc_row][vc_row][vc_column][vc_empty_space height=&#8221;80&#8243;][\/vc_column][\/vc_row][vc_row css=&#8221;.vc_custom_1545837782247{margin-top: 75px !important;}&#8221;][vc_column][vc_custom_heading text=&#8221;Activities&#8221; font_container=&#8221;tag:h2|text_align:center&#8221; google_fonts=&#8221;font_family:Playfair%20Display%3Aregular%2Citalic%2C700%2C700italic%2C900%2C900italic|font_style:900%20bold%20regular%3A900%3Anormal&#8221;][\/vc_column][\/vc_row][vc_row][vc_column width=&#8221;1\/3&#8243; css=&#8221;.vc_custom_1756916935803{padding-right: 20px !important;padding-left: 20px !important;}&#8221;][vc_images_carousel images=&#8221;1282,1281,1008&#8243; img_size=&#8221;375&#215;375&#8243; onclick=&#8221;link_no&#8221; autoplay=&#8221;yes&#8221; hide_pagination_control=&#8221;yes&#8221; wrap=&#8221;yes&#8221; css=&#8221;.vc_custom_1759251829234{margin-left: 20px !important;padding-bottom: 20px !important;}&#8221;][vc_column_text css=&#8221;.vc_custom_1756917002946{padding-right: 20px !important;padding-left: 20px !important;}&#8221;]<\/p>\n<h4><strong>Beaches<\/strong><\/h4>\n<p>[\/vc_column_text][vc_empty_space height=&#8221;10&#8243;][vc_column_text css=&#8221;.vc_custom_1756917836863{padding-right: 20px !important;padding-left: 20px !important;}&#8221;]You can discover beaches such as Nazar\u00e9, S\u00e3o Martinho do Porto, S\u00e3o Pedro de Moel and Osso da Baleia, ideal for relaxing or practicing water sports. Perfect for family outings, sunbathing and good times by the sea. [\/vc_column_text][\/vc_column][vc_column width=&#8221;1\/3&#8243;][vc_images_carousel images=&#8221;1283,1280,1290&#8243; img_size=&#8221;375&#215;375&#8243; onclick=&#8221;link_no&#8221; autoplay=&#8221;yes&#8221; hide_pagination_control=&#8221;yes&#8221; wrap=&#8221;yes&#8221; css=&#8221;.vc_custom_1759312394722{margin-left: 20px !important;padding-bottom: 20px !important;}&#8221;][vc_column_text css=&#8221;.vc_custom_1756917041688{padding-right: 20px !important;padding-left: 20px !important;}&#8221;]<\/p>\n<h4 class=\"lead-heading\"><strong>Serra d&#8217;Aire and Candeeiros<\/strong><\/h4>\n<p>[\/vc_column_text][vc_empty_space height=&#8221;10&#8243;][vc_column_text css=&#8221;.vc_custom_1756917683748{padding-right: 20px !important;padding-left: 20px !important;}&#8221;]Right next door is the Serra d&#8217;Aire e Candeeiros Natural Park. Visit the paleontological site of dinosaur footprints, walk along the trails and enjoy the magnificent scenery of the mountains.[\/vc_column_text][\/vc_column][vc_column width=&#8221;1\/3&#8243;][vc_images_carousel images=&#8221;1265,1264,1263&#8243; img_size=&#8221;375&#215;375&#8243; onclick=&#8221;link_no&#8221; autoplay=&#8221;yes&#8221; hide_pagination_control=&#8221;yes&#8221; wrap=&#8221;yes&#8221; css=&#8221;.vc_custom_1759251836727{margin-bottom: 20px !important;padding-left: 20px !important;}&#8221;][vc_column_text css=&#8221;.vc_custom_1759233319933{padding-right: 20px !important;padding-left: 20px !important;}&#8221;]<\/p>\n<h4><strong>Castles and Monasteries<\/strong><\/h4>\n<p>[\/vc_column_text][vc_empty_space height=&#8221;10&#8243;][vc_column_text css=&#8221;.vc_custom_1756916966433{padding-right: 20px !important;padding-left: 20px !important;}&#8221;]In this area of Leiria &#8211; F\u00e1tima you can visit 4 fabulous castles: Leiria, Our\u00e9m, Tomar and Pombal. And magnificent monuments, the best known of which are worth a visit: Batalha Monastery and Alcoba\u00e7a Monastery.[\/vc_column_text][\/vc_column][\/vc_row][vc_row][vc_column][vc_empty_space height=&#8221;80&#8243;][\/vc_column][\/vc_row][vc_row][vc_column][vc_custom_heading text=&#8221;Other information&#8221; font_container=&#8221;tag:h2|text_align:center&#8221; google_fonts=&#8221;font_family:Playfair%20Display%3Aregular%2Citalic%2C700%2C700italic%2C900%2C900italic|font_style:900%20bold%20regular%3A900%3Anormal&#8221; css=&#8221;.vc_custom_1756913461975{margin-top: 35px !important;margin-bottom: 45px !important;}&#8221;][vc_empty_space height=&#8221;50px&#8221;][\/vc_column][\/vc_row][vc_row css=&#8221;.vc_custom_1545838620137{margin-bottom: 50px !important;}&#8221;][vc_column width=&#8221;1\/2&#8243;][vc_column_text el_class=&#8221;servicos-txt&#8221; css=&#8221;.vc_custom_1756914438359{padding-right: 80px !important;}&#8221;]<i class=\"fas fa-check\"><\/i> <strong>Check-in<\/strong><\/p>\n<p class=\"espaco\">Between 4 p.m. and 11:30 p.m.<\/p>\n<p>&nbsp;<\/p>\n<p><i class=\"fas fa-check\"><\/i> <strong>Check-out<\/strong><\/p>\n<p class=\"espaco\">Between 8 a.m. and 12 p.m.<\/p>\n<p>&nbsp;<\/p>\n<p><i class=\"fas fa-check\"><\/i> <strong>Pets<\/strong><\/p>\n<p class=\"espaco\">Not allowed<\/p>\n<p>&nbsp;<\/p>\n<p><i class=\"fas fa-check\"><\/i> <strong>Cards accepted at the accommodation<\/strong><\/p>\n<p class=\"espaco\">Cat\u00f3lica Hotel accepts VISA cards and reserves the right to temporarily hold an amount on your card prior to arrival.<\/p>\n<p>[\/vc_column_text][\/vc_column][vc_column width=&#8221;1\/2&#8243;][vc_column_text el_class=&#8221;servicos-txt&#8221;]<i class=\"fas fa-check\"><\/i> <strong>Children and extra beds:<\/strong><\/p>\n<p class=\"espaco\">All children welcome<\/p>\n<p class=\"espaco\">Free of charge! All children under 5 years of age: will be accommodated free of charge for the use of the existing bed. <\/p>\n<p class=\"espaco\">Free of charge! All children under 2 years old: will be accommodated free of charge with a crib. <\/p>\n<p class=\"espaco\">All children from 6 to 12 years old: EUR 8 per night per person will be charged for extra beds.<\/p>\n<p class=\"espaco\">Maximum capacity of extra beds \/ cribs in the room: 1<\/p>\n<p class=\"espaco\">Any type of extra bed or crib is only available on request and must be confirmed by the hotel.<\/p>\n<p class=\"espaco\">Supplements will not be calculated automatically in the total costs and must be paid separately during your stay.<\/p>\n<p>[\/vc_column_text][\/vc_column][\/vc_row][vc_row][vc_column][vc_empty_space height=&#8221;130px&#8221;][\/vc_column][\/vc_row][vc_row][vc_column][\/vc_column][\/vc_row]<\/p>\n","protected":false},"excerpt":{"rendered":"<p>[vc_row][vc_column][vc_empty_space height=&#8221;80&#8243;][\/vc_column][\/vc_row][vc_row full_width=&#8221;stretch_row&#8221; css=&#8221;.vc_custom_1756912985251{background-position: center !important;background-repeat: no-repeat !important;background-size: cover !important;}&#8221;][vc_column width=&#8221;1\/2&#8243;][vc_custom_heading text=&#8221;Thinking of you&#8221; font_container=&#8221;tag:h2|font_size:30|text_align:center|color:%235f1f08&#8243; google_fonts=&#8221;font_family:Playfair%20Display%3Aregular%2Citalic%2C700%2C700italic%2C900%2C900italic|font_style:900%20bold%20regular%3A900%3Anormal&#8221; css=&#8221;.vc_custom_1756913541583{margin-bottom: 30px !important;}&#8221;][vc_column_text el_class=&#8221;hotel-txt&#8221; css=&#8221;.vc_custom_1756913761038{padding-right: 10px !important;}&#8221;]Centrally located in the heart&#8230;<\/p>\n","protected":false},"author":1,"featured_media":0,"parent":0,"menu_order":0,"comment_status":"closed","ping_status":"closed","template":"","meta":{"footnotes":""},"class_list":["post-1950","page","type-page","status-publish","hentry"],"_links":{"self":[{"href":"https:\/\/catolicahotel.com\/en\/wp-json\/wp\/v2\/pages\/1950","targetHints":{"allow":["GET"]}}],"collection":[{"href":"https:\/\/catolicahotel.com\/en\/wp-json\/wp\/v2\/pages"}],"about":[{"href":"https:\/\/catolicahotel.com\/en\/wp-json\/wp\/v2\/types\/page"}],"author":[{"embeddable":true,"href":"https:\/\/catolicahotel.com\/en\/wp-json\/wp\/v2\/users\/1"}],"replies":[{"embeddable":true,"href":"https:\/\/catolicahotel.com\/en\/wp-json\/wp\/v2\/comments?post=1950"}],"version-history":[{"count":1,"href":"https:\/\/catolicahotel.com\/en\/wp-json\/wp\/v2\/pages\/1950\/revisions"}],"predecessor-version":[{"id":1951,"href":"https:\/\/catolicahotel.com\/en\/wp-json\/wp\/v2\/pages\/1950\/revisions\/1951"}],"wp:attachment":[{"href":"https:\/\/catolicahotel.com\/en\/wp-json\/wp\/v2\/media?parent=1950"}],"curies":[{"name":"wp","href":"https:\/\/api.w.org\/{rel}","templated":true}]}}