{"id":1829,"date":"2018-10-30T00:01:43","date_gmt":"2018-10-30T00:01:43","guid":{"rendered":"https:\/\/catolicahotel.com\/hotel\/"},"modified":"2025-10-20T11:26:19","modified_gmt":"2025-10-20T11:26:19","slug":"hotel","status":"publish","type":"page","link":"https:\/\/catolicahotel.com\/fr\/hotel\/","title":{"rendered":"HOTEL"},"content":{"rendered":"<p>[vc_row][vc_column][vc_empty_space height=\"80&#8243;][\/vc_column][\/vc_row][vc_row full_width=\"stretch_row\" css=\".vc_custom_1756912985251{background-position: center !important;background-repeat: no-repeat !important;background-size: cover !important;}\"][vc_column width=\"1\/2&#8243;][vc_custom_heading text=\"En pensant \u00e0 vous\" font_container=\"tag:h2|font_size:30|text_align:center|color:%235f1f08&#8243; google_fonts=\"font_family:Playfair%20Display%3Aregular%2Citalic%2C700%2C700italic%2C900%2C900italic|font_style:900%20bold%20regular%3A900%3Anormal\" css=\".vc_custom_1756913541583{margin-bottom: 30px !important;}\"][vc_column_text el_class=\"hotel-txt\" css=\".vc_custom_1756913761038{padding-right: 10px !important;}\"]Situ\u00e9 au c\u0153ur de F\u00e1tima, l&#8217;h\u00f4tel Cat\u00f3lica se trouve \u00e0 seulement <strong>3 minutes du sanctuaire de Notre-Dame de F\u00e1tima<\/strong>.<\/p>\n<p>Entour\u00e9 de lumi\u00e8re naturelle, avec une atmosph\u00e8re confortable et famili\u00e8re, l&#8217;h\u00f4tel dispose de <strong>49 chambres<\/strong>, r\u00e9parties en chambres simples, chambres doubles ou \u00e0 lits jumeaux, chambres triples et chambres familiales, d\u00e9cor\u00e9es dans un <strong>style moderne et classique<\/strong>. Nos clients peuvent d\u00e9guster un repas ou une boisson typique de notre r\u00e9gion au restaurant et au bar de l&#8217;h\u00f4tel Cat\u00f3lica.<br \/>\nNous mettons \u00e9galement \u00e0 votre disposition une salle de r\u00e9union\/\u00e9v\u00e9nement d&#8217;une capacit\u00e9 de <strong>50 personnes<\/strong>.<\/p>\n<p>Tout en profitant de leur s\u00e9jour \u00e0 l&#8217;h\u00f4tel Cat\u00f3lica, les clients peuvent \u00e9galement <strong>explorer les attractions qui entourent F\u00e1tima<\/strong>. Par exemple, les ch\u00e2teaux de Leiria, Our\u00e9m, Tomar et Pombal, ainsi que la Serra d&#8217;Aire et le Parque dos Candeeiros. <\/p>\n<p style=\"text-align: justify;\">Les couples appr\u00e9cient particuli\u00e8rement l&#8217;emplacement &#8211; ils lui ont attribu\u00e9 une <strong>note de 9,3<\/strong> pour un voyage \u00e0 deux.<\/p>\n<p>[\/vc_column_text][\/vc_column][vc_column width=\"1\/2&#8243;][vc_images_carousel images=\"1229,1230,1228,787,797&#8243; img_size=\"500&#215;500&#8243; speed=\"3000&#8243; wrap=\"yes\" css=\".vc_custom_1758554058626{border-left-width: 50px !important;}\" el_id=\"hotelCarousel\"][\/vc_column][\/vc_row][vc_row][vc_column][vc_empty_space height=\"80&#8243;][\/vc_column][\/vc_row][vc_row][vc_column width=\"1\/2&#8243;][vc_custom_heading text=\"Services\" font_container=\"tag:h2|text_align:center\" google_fonts=\"font_family:Playfair%20Display%3Aregular%2Citalic%2C700%2C700italic%2C900%2C900italic|font_style:900%20bold%20regular%3A900%3Anormal\" css=\".vc_custom_1756913478724{margin-top: 25px !important;margin-bottom: 45px !important;}\"][vc_column_text el_class=\"servicos-txt\"]<\/p>\n<p class=\"servicos-check\"><i class=\"fas fa-check\"><\/i>  5 langues parl\u00e9es : PT, ES, EN, FR, IT<br \/>\n<i class=\"fas fa-check\"><\/i>  R\u00e9ception 24 heures sur 24<br \/>\n<i class=\"fas fa-check\"><\/i>  Petit-d\u00e9jeuner buffet pour tous les s\u00e9jours<br \/>\n<i class=\"fas fa-check\"><\/i>  Restaurant et bar<br \/>\n<i class=\"fas fa-check\"><\/i>  Nettoyage quotidien<br \/>\n<i class=\"fas fa-check\"><\/i>  Salon commun\/espace TV<br \/>\nPhotocopieur<br \/>\n<i class=\"fas fa-check\"><\/i>  Salle de r\u00e9union\/\u00e9v\u00e9nements<br \/>\n<i class=\"fas fa-check\"><\/i>  Service en chambre<br \/>\n<i class=\"fas fa-check\"><\/i>  Service de r\u00e9veil<\/p>\n<p>[\/vc_column_text][\/vc_column][vc_column width=\"1\/2&#8243;][vc_custom_heading text=\"Installations\" font_container=\"tag:h2|text_align:center\" google_fonts=\"font_family:Playfair%20Display%3Aregular%2Citalic%2C700%2C700italic%2C900%2C900italic|font_style:900%20bold%20regular%3A900%3Anormal\" css=\".vc_custom_1756913486338{margin-top: 25px !important;margin-bottom: 45px !important;}\"][vc_column_text el_class=\"servicos-txt\"]<\/p>\n<p class=\"servicos-check\"><i class=\"fas fa-check\"><\/i>  Terrasse<br \/>\n<i class=\"fas fa-check\"><\/i>  Ascenseur<br \/>\n<i class=\"fas fa-check\"><\/i>  Salle des bagages<br \/>\n<i class=\"fas fa-check\"><\/i>  Climatisation<br \/>\n<i class=\"fas fa-check\"><\/i>  Chauffage<br \/>\n<i class=\"fas fa-check\"><\/i>  Chambres familiales<br \/>\n<i class=\"fas fa-check\"><\/i>  Installations pour les personnes \u00e0 mobilit\u00e9 r\u00e9duite<br \/>\n<i class=\"fas fa-check\"><\/i>  Adaptation pour les personnes \u00e0 mobilit\u00e9 r\u00e9duite (WC avec c\u00e2ble d&#8217;urgence, barres d&#8217;appui et lavabo encastr\u00e9)<br \/>\n<i class=\"fas fa-check\"><\/i>  Interdiction de fumer dans toutes les zones<\/p>\n<p>[\/vc_column_text][\/vc_column][\/vc_row][vc_row][vc_column][vc_empty_space height=\"80&#8243;][\/vc_column][\/vc_row][vc_row css=\".vc_custom_1545837782247{margin-top: 75px !important;}\"][vc_column][vc_custom_heading text=\"Activit\u00e9s\" font_container=\"tag:h2|text_align:center\" google_fonts=\"font_family:Playfair%20Display%3Aregular%2Citalic%2C700%2C700italic%2C900%2C900italic|font_style:900%20bold%20regular%3A900%3Anormal\"][\/vc_column][\/vc_row][vc_row][vc_column width=\"1\/3&#8243; css=\".vc_custom_1756916935803{padding-right: 20px !important;padding-left: 20px !important;}\"][vc_images_carousel images=\"1282,1281,1008&#8243; img_size=\"375&#215;375&#8243; onclick=\"link_no\" autoplay=\"yes\" hide_pagination_control=\"yes\" wrap=\"yes\" css=\".vc_custom_1759251829234{margin-left: 20px !important;padding-bottom: 20px !important;}\"][vc_column_text css=\".vc_custom_1756917002946{padding-right: 20px !important;padding-left: 20px !important;}\"]<\/p>\n<h4><strong>Plages<\/strong><\/h4>\n<p>[\/vc_column_text][vc_empty_space height=\"10&#8243;][vc_column_text css=\".vc_custom_1756917836863{padding-right: 20px !important;padding-left: 20px !important;}\"]Vous pourrez d\u00e9couvrir des plages telles que Nazar\u00e9, S\u00e3o Martinho do Porto, S\u00e3o Pedro de Moel et Osso da Baleia, id\u00e9ales pour se d\u00e9tendre ou pratiquer des sports nautiques. Parfaites pour les sorties en famille, les bains de soleil et les bons moments au bord de la mer. [\/vc_column_text][\/vc_column][vc_column width=\"1\/3&#8243;][vc_images_carousel images=\"1283,1280,1290&#8243; img_size=\"375&#215;375&#8243; onclick=\"link_no\" autoplay=\"yes\" hide_pagination_control=\"yes\" wrap=\"yes\" css=\".vc_custom_1759312394722{margin-left: 20px !important;padding-bottom: 20px !important;}\"][vc_column_text css=\".vc_custom_1756917041688{padding-right: 20px !important;padding-left: 20px !important;}\"]<\/p>\n<h4 class=\"lead-heading\"><strong>Serra d&#8217;Aire et Candeeiros<\/strong><\/h4>\n<p>[\/vc_column_text][vc_empty_space height=\"10&#8243;][vc_column_text css=\".vc_custom_1756917683748{padding-right: 20px !important;padding-left: 20px !important;}\"]Le parc naturel de la Serra d&#8217;Aire e Candeeiros se trouve juste \u00e0 c\u00f4t\u00e9. Visitez le site pal\u00e9ontologique des empreintes de dinosaures, promenez-vous le long des sentiers et profitez des magnifiques paysages de montagne. [\/vc_column_text][\/vc_column][vc_column width=\"1\/3&#8243;][vc_images_carousel images=\"1265,1264,1263&#8243; img_size=\"375&#215;375&#8243; onclick=\"link_no\" autoplay=\"yes\" hide_pagination_control=\"yes\" wrap=\"yes\" css=\".vc_custom_1759251836727{margin-bottom: 20px !important;padding-left: 20px !important;}\"][vc_column_text css=\".vc_custom_1759233319933{padding-right: 20px !important;padding-left: 20px !important;}\"]<\/p>\n<h4><strong>Ch\u00e2teaux et monast\u00e8res<\/strong><\/h4>\n<p>[\/vc_column_text][vc_empty_space height=\"10&#8243;][vc_column_text css=\".vc_custom_1756916966433{padding-right: 20px !important;padding-left: 20px !important;}\"]Dans cette r\u00e9gion de Leiria &#8211; F\u00e1tima, vous pouvez visiter 4 fabuleux ch\u00e2teaux : Leiria, Our\u00e9m, Tomar et Pombal. Et de magnifiques monuments, dont les plus connus m\u00e9ritent une visite : le monast\u00e8re de Batalha et le monast\u00e8re d&#8217;Alcoba\u00e7a. [\/vc_column_text][\/vc_column][\/vc_row][vc_row][vc_column][vc_empty_space height=\"80&#8243;][\/vc_column][\/vc_row][vc_row][vc_column][vc_custom_heading text=\"Autres informations\" font_container=\"tag:h2|text_align:center\" google_fonts=\"font_family:Playfair%20Display%3Aregular%2Citalic%2C700%2C700italic%2C900%2C900italic|font_style:900%20bold%20regular%3A900%3Anormal\" css=\".vc_custom_1756913461975{margin-top: 35px !important;margin-bottom: 45px !important;}\"][vc_empty_space height=\"50px\"][\/vc_column][\/vc_row][vc_row css=\".vc_custom_1545838620137{margin-bottom: 50px !important;}\"][vc_column width=\"1\/2&#8243;][vc_column_text el_class=\"servicos-txt\" css=\".vc_custom_1756914438359{padding-right: 80px !important;}\"]<i class=\"fas fa-check\"><\/i> <strong>Enregistrement<\/strong><\/p>\n<p class=\"espaco\">Entre 16h et 23h30<\/p>\n<p>&nbsp;<\/p>\n<p><i class=\"fas fa-check\"><\/i> <strong>Check-out<\/strong><\/p>\n<p class=\"espaco\">Entre 8h et 12h<\/p>\n<p>&nbsp;<\/p>\n<p><i class=\"fas fa-check\"><\/i> <strong>Animaux de compagnie<\/strong><\/p>\n<p class=\"espaco\">Non autoris\u00e9<\/p>\n<p>&nbsp;<\/p>\n<p><i class=\"fas fa-check\"><\/i> <strong>Cartes accept\u00e9es dans le logement<\/strong><\/p>\n<p class=\"espaco\">L&#8217;h\u00f4tel Cat\u00f3lica accepte les cartes VISA et se r\u00e9serve le droit de bloquer temporairement un montant sur votre carte avant l&#8217;arriv\u00e9e.<\/p>\n<p>[\/vc_column_text][\/vc_column][vc_column width=\"1\/2&#8243;][vc_column_text el_class=\"servicos-txt\"]<i class=\"fas fa-check\"><\/i> <strong>Enfants et lits suppl\u00e9mentaires :<\/strong><\/p>\n<p class=\"espaco\">Tous les enfants sont les bienvenus<\/p>\n<p class=\"espaco\">Gratuit ! Tous les enfants de moins de 5 ans sont h\u00e9berg\u00e9s gratuitement pour l&#8217;utilisation du lit existant. <\/p>\n<p class=\"espaco\">Gratuit ! Tous les enfants de moins de 2 ans sont h\u00e9berg\u00e9s gratuitement avec un lit d&#8217;enfant. <\/p>\n<p class=\"espaco\">Tous les enfants de 6 \u00e0 12 ans : 8 EUR par nuit et par personne seront factur\u00e9s pour l&#8217;utilisation des lits d&#8217;appoint.<\/p>\n<p class=\"espaco\">Capacit\u00e9 maximale de lits d&#8217;appoint \/ lits de b\u00e9b\u00e9 dans la chambre : 1<\/p>\n<p class=\"espaco\">Tout type de lit suppl\u00e9mentaire ou de lit d&#8217;enfant n&#8217;est disponible que sur demande et doit \u00eatre confirm\u00e9 par l&#8217;h\u00f4tel.<\/p>\n<p class=\"espaco\">Les suppl\u00e9ments ne sont pas calcul\u00e9s automatiquement dans le co\u00fbt total et doivent \u00eatre pay\u00e9s s\u00e9par\u00e9ment pendant votre s\u00e9jour.<\/p>\n<p>[\/vc_column_text][\/vc_column][\/vc_row][vc_row][vc_column][vc_empty_space height=\"130px\"][\/vc_column][\/vc_row][vc_row][vc_column][\/vc_column][\/vc_row]<\/p>\n","protected":false},"excerpt":{"rendered":"<p>[vc_row][vc_column][vc_empty_space height=\"80&#8243;][\/vc_column][\/vc_row][vc_row full_width=\"stretch_row\" css=\".vc_custom_1756912985251{background-position: center !important;background-repeat: no-repeat !important;background-size: cover !important;}\"][vc_column width=\"1\/2&#8243;][vc_custom_heading text=\"En pensant \u00e0 vous\" font_container=\"tag:h2|font_size:30|text_align:center|color:%235f1f08&#8243; google_fonts=\"font_family:Playfair%20Display%3Aregular%2Citalic%2C700%2C700italic%2C900%2C900italic|font_style:900%20bold%20regular%3A900%3Anormal\" css=\".vc_custom_1756913541583{margin-bottom: 30px !important;}\"][vc_column_text el_class=\"hotel-txt\" css=\".vc_custom_1756913761038{padding-right: 10px !important;}\"]Situ\u00e9 au c\u0153ur de&#8230;<\/p>\n","protected":false},"author":1,"featured_media":0,"parent":0,"menu_order":0,"comment_status":"closed","ping_status":"closed","template":"","meta":{"footnotes":""},"class_list":["post-1829","page","type-page","status-publish","hentry"],"_links":{"self":[{"href":"https:\/\/catolicahotel.com\/fr\/wp-json\/wp\/v2\/pages\/1829","targetHints":{"allow":["GET"]}}],"collection":[{"href":"https:\/\/catolicahotel.com\/fr\/wp-json\/wp\/v2\/pages"}],"about":[{"href":"https:\/\/catolicahotel.com\/fr\/wp-json\/wp\/v2\/types\/page"}],"author":[{"embeddable":true,"href":"https:\/\/catolicahotel.com\/fr\/wp-json\/wp\/v2\/users\/1"}],"replies":[{"embeddable":true,"href":"https:\/\/catolicahotel.com\/fr\/wp-json\/wp\/v2\/comments?post=1829"}],"version-history":[{"count":2,"href":"https:\/\/catolicahotel.com\/fr\/wp-json\/wp\/v2\/pages\/1829\/revisions"}],"predecessor-version":[{"id":1949,"href":"https:\/\/catolicahotel.com\/fr\/wp-json\/wp\/v2\/pages\/1829\/revisions\/1949"}],"wp:attachment":[{"href":"https:\/\/catolicahotel.com\/fr\/wp-json\/wp\/v2\/media?parent=1829"}],"curies":[{"name":"wp","href":"https:\/\/api.w.org\/{rel}","templated":true}]}}