{"id":1892,"date":"2018-09-14T10:50:01","date_gmt":"2018-09-14T10:50:01","guid":{"rendered":"https:\/\/catolicahotel.com\/restaurant\/"},"modified":"2025-10-20T11:28:48","modified_gmt":"2025-10-20T11:28:48","slug":"restaurant","status":"publish","type":"page","link":"https:\/\/catolicahotel.com\/fr\/restaurant\/","title":{"rendered":"Restaurant"},"content":{"rendered":"<p>[vc_row css=\".vc_custom_1545827203138{margin-top: 75px !important;}\"][vc_column][vc_column_text el_class=\"hotel-txt\"]<strong>Heures d&#8217;ouverture du restaurant :<\/strong><\/p>\n<p>Petit d\u00e9jeuner de 07h30 \u00e0 10h00<\/p>\n<p>D\u00e9jeuner de 12h30 \u00e0 15h<\/p>\n<p>D\u00eener de 19h30 \u00e0 22h<\/p>\n<p>&nbsp;<\/p>\n<p>Situ\u00e9 dans l&#8217;h\u00f4tel Cat\u00f3lica, notre restaurant sert un petit-d\u00e9jeuner buffet, un d\u00e9jeuner \u00e0 la carte et un d\u00eener \u00e0 la carte.<\/p>\n<p>Les plats sont tr\u00e8s bien pr\u00e9sent\u00e9s, privil\u00e9giant les meilleurs<strong> ingr\u00e9dients provenant de fournisseurs locaux<\/strong>, ainsi qu&#8217;une liste vari\u00e9e de <strong>vins portugais<\/strong>.<\/p>\n<p>Le restaurant propose \u00e9galement des <strong>menus pour enfants<\/strong> et des plats <strong>di\u00e9t\u00e9tiques sp\u00e9ciaux<\/strong> (sur demande).<\/p>\n<p>Vous pouvez \u00e9galement vous d\u00e9tendre et prendre un verre dans notre bar et notre salon, disponibles jusqu&#8217;\u00e0 23h00.<\/p>\n<p>&nbsp;<\/p>\n<p>Pour plus d&#8217;informations et pour les r\u00e9servations, veuillez nous contacter : (+351) 249 539 750 &#8211; <small>Appelez le r\u00e9seau national de t\u00e9l\u00e9phonie fixe<\/small>[\/vc_column_text][\/vc_column][\/vc_row][vc_row css=\".vc_custom_1545413939785{margin-top: 52px !important;}\"][vc_column width=\"1\/3&#8243; el_class=\"restauranteClass\"][vc_single_image image=\"528&#8243; img_size=\"960&#215;560&#8243; alignment=\"center\"][\/vc_column][vc_column width=\"1\/3&#8243;][vc_single_image image=\"544&#8243; img_size=\"960&#215;560&#8243; alignment=\"center\"][\/vc_column][vc_column width=\"1\/3&#8243;][vc_single_image image=\"545&#8243; img_size=\"960&#215;560&#8243; alignment=\"center\"][\/vc_column][\/vc_row][vc_row][vc_column width=\"1\/3&#8243; el_class=\"restauranteClass\"][vc_single_image image=\"548&#8243; img_size=\"960&#215;560&#8243; alignment=\"center\"][\/vc_column][vc_column width=\"1\/3&#8243;][vc_single_image image=\"547&#8243; img_size=\"960&#215;560&#8243; alignment=\"center\"][\/vc_column][vc_column width=\"1\/3&#8243;][vc_single_image image=\"549&#8243; img_size=\"960&#215;560&#8243; alignment=\"center\"][\/vc_column][\/vc_row][vc_row][vc_column][vc_empty_space height=\"60px\"][\/vc_column][\/vc_row]<\/p>\n","protected":false},"excerpt":{"rendered":"<p>[vc_row css=\".vc_custom_1545827203138{margin-top: 75px !important;}\"][vc_column][vc_column_text el_class=\"hotel-txt\"]Heures d&#8217;ouverture du restaurant : Petit d\u00e9jeuner de 07h30 \u00e0 10h00 D\u00e9jeuner de 12h30 \u00e0 15h D\u00eener de 19h30 \u00e0 22h &nbsp; Situ\u00e9&#8230;<\/p>\n","protected":false},"author":1,"featured_media":0,"parent":0,"menu_order":0,"comment_status":"closed","ping_status":"closed","template":"","meta":{"footnotes":""},"class_list":["post-1892","page","type-page","status-publish","hentry"],"_links":{"self":[{"href":"https:\/\/catolicahotel.com\/fr\/wp-json\/wp\/v2\/pages\/1892","targetHints":{"allow":["GET"]}}],"collection":[{"href":"https:\/\/catolicahotel.com\/fr\/wp-json\/wp\/v2\/pages"}],"about":[{"href":"https:\/\/catolicahotel.com\/fr\/wp-json\/wp\/v2\/types\/page"}],"author":[{"embeddable":true,"href":"https:\/\/catolicahotel.com\/fr\/wp-json\/wp\/v2\/users\/1"}],"replies":[{"embeddable":true,"href":"https:\/\/catolicahotel.com\/fr\/wp-json\/wp\/v2\/comments?post=1892"}],"version-history":[{"count":1,"href":"https:\/\/catolicahotel.com\/fr\/wp-json\/wp\/v2\/pages\/1892\/revisions"}],"predecessor-version":[{"id":1894,"href":"https:\/\/catolicahotel.com\/fr\/wp-json\/wp\/v2\/pages\/1892\/revisions\/1894"}],"wp:attachment":[{"href":"https:\/\/catolicahotel.com\/fr\/wp-json\/wp\/v2\/media?parent=1892"}],"curies":[{"name":"wp","href":"https:\/\/api.w.org\/{rel}","templated":true}]}}