{"id":1920,"date":"2025-09-04T14:11:21","date_gmt":"2025-09-04T14:11:21","guid":{"rendered":"https:\/\/catolicahotel.com\/informations-juridiques\/"},"modified":"2025-10-20T11:27:40","modified_gmt":"2025-10-20T11:27:40","slug":"informations-juridiques","status":"publish","type":"page","link":"https:\/\/catolicahotel.com\/fr\/informations-juridiques\/","title":{"rendered":"Informations juridiques"},"content":{"rendered":"<p>[vc_row][vc_column][vc_column_text]<strong>Coordonn\u00e9es de l&#8217;entreprise<\/strong><\/p>\n<p><strong>Cat\u00f3lica Hotel<\/strong> est une marque d\u00e9pos\u00e9e de la soci\u00e9t\u00e9 <strong>Iriatur-Empreendimentos Turisticos, Lda.<\/strong><br \/>\n<strong>Num\u00e9ro de personne morale (NIPC)<\/strong>: 501873546<br \/>\nL&#8217;entreprise <strong>Iriatur-Empreendimentos Turisticos<\/strong> a son si\u00e8ge \u00e0 Our\u00e9m. Son capital social est de 1 500 000,00 \u20ac. Son activit\u00e9 principale est l&#8217;h\u00f4tellerie.  <\/p>\n<p><strong>Adresse fiscale<\/strong><br \/>\nRua de Santa Isabel, Cova da Iria 2495-424 F\u00e1tima<\/p>\n<p><strong>Contacts<br \/>\n<\/strong>Tel : 249 539 750 &#8211; Appeler la ligne fixe nationale<br \/>\nEmail : bemvindo@catolicahotel.com<\/p>\n<p><strong>R\u00e8glement extrajudiciaire des litiges<\/strong><\/p>\n<p>En cas de litige, le consommateur peut s&#8217;adresser \u00e0 un organisme de r\u00e8glement extrajudiciaire des litiges :<\/p>\n<p>Op\u00e8re dans tout le Portugal, dans les zones non couvertes par un autre centre d&#8217;arbitrage ayant une comp\u00e9tence r\u00e9gionale<br \/>\nRua D. Afonso Henriques, 1<br \/>\n4700-030 Braga<br \/>\nT\u00e9l. : 253 619 107<br \/>\nE-mail : <a href=\"mailto:geral@cniacc.pt\">geral@cniacc.pt<\/a><br \/>\nWeb : <a href=\"https:\/\/www.cniacc.pt\/\">www.cniacc.pt<\/a><\/p>\n<p>Plus d&#8217;informations sur le portail des consommateurs <a href=\"https:\/\/www.consumidor.gov.pt\/\">www.consumidor.gov.pt<\/a>[\/vc_column_text][\/vc_column][\/vc_row][vc_row][vc_column][vc_empty_space height=\"130&#8243;][\/vc_column][\/vc_row]<\/p>\n","protected":false},"excerpt":{"rendered":"<p>[vc_row][vc_column][vc_column_text]Coordonn\u00e9es de l&#8217;entreprise Cat\u00f3lica Hotel est une marque d\u00e9pos\u00e9e de la soci\u00e9t\u00e9 Iriatur-Empreendimentos Turisticos, Lda. Num\u00e9ro de personne morale (NIPC): 501873546 L&#8217;entreprise Iriatur-Empreendimentos Turisticos a son si\u00e8ge&#8230;<\/p>\n","protected":false},"author":1,"featured_media":0,"parent":0,"menu_order":0,"comment_status":"closed","ping_status":"closed","template":"","meta":{"footnotes":""},"class_list":["post-1920","page","type-page","status-publish","hentry"],"_links":{"self":[{"href":"https:\/\/catolicahotel.com\/fr\/wp-json\/wp\/v2\/pages\/1920","targetHints":{"allow":["GET"]}}],"collection":[{"href":"https:\/\/catolicahotel.com\/fr\/wp-json\/wp\/v2\/pages"}],"about":[{"href":"https:\/\/catolicahotel.com\/fr\/wp-json\/wp\/v2\/types\/page"}],"author":[{"embeddable":true,"href":"https:\/\/catolicahotel.com\/fr\/wp-json\/wp\/v2\/users\/1"}],"replies":[{"embeddable":true,"href":"https:\/\/catolicahotel.com\/fr\/wp-json\/wp\/v2\/comments?post=1920"}],"version-history":[{"count":1,"href":"https:\/\/catolicahotel.com\/fr\/wp-json\/wp\/v2\/pages\/1920\/revisions"}],"predecessor-version":[{"id":1924,"href":"https:\/\/catolicahotel.com\/fr\/wp-json\/wp\/v2\/pages\/1920\/revisions\/1924"}],"wp:attachment":[{"href":"https:\/\/catolicahotel.com\/fr\/wp-json\/wp\/v2\/media?parent=1920"}],"curies":[{"name":"wp","href":"https:\/\/api.w.org\/{rel}","templated":true}]}}